{"id":723,"date":"2025-09-22T21:05:14","date_gmt":"2025-09-22T21:05:14","guid":{"rendered":"https:\/\/www.barklawfirm.com\/contactenos\/"},"modified":"2026-04-14T19:39:25","modified_gmt":"2026-04-14T19:39:25","slug":"contactenos","status":"publish","type":"page","link":"https:\/\/www.barklawfirm.com\/es\/contactenos\/","title":{"rendered":"Cont\u00e1ctenos"},"content":{"rendered":"<p>[et_pb_section fb_built=&#8221;1&#8243; disabled_on=&#8221;off|on|on&#8221; _builder_version=&#8221;4.27.4&#8243; _module_preset=&#8221;default&#8221; background_color=&#8221;#0F1A2B&#8221; z_index=&#8221;100&#8243; custom_margin=&#8221;0px||0px||false|false&#8221; custom_padding=&#8221;20px||20px||false|false&#8221; sticky_position=&#8221;top&#8221; sticky_offset_top=&#8221;77px&#8221; saved_tabs=&#8221;all&#8221; locked=&#8221;off&#8221; global_colors_info=&#8221;{}&#8221;][et_pb_row _builder_version=&#8221;4.27.4&#8243; _module_preset=&#8221;default&#8221; width=&#8221;100%&#8221; max_width=&#8221;2560px&#8221; module_alignment=&#8221;center&#8221; custom_margin=&#8221;0px||0px||false|false&#8221; custom_padding=&#8221;0px||0px||false|false&#8221; global_colors_info=&#8221;{}&#8221;][et_pb_column type=&#8221;4_4&#8243; _builder_version=&#8221;4.27.4&#8243; _module_preset=&#8221;default&#8221; global_colors_info=&#8221;{}&#8221;][et_pb_text _builder_version=&#8221;4.27.6&#8243; _module_preset=&#8221;default&#8221; custom_margin=&#8221;0px||0px||false|false&#8221; custom_padding=&#8221;0px||0px||false|false&#8221; global_colors_info=&#8221;{}&#8221;]<\/p>\n<p style=\"text-align: center;\"><span style=\"color: #ffffff;\"><a href=\"tel:888-514-5112\" style=\"color: #ffffff;\">Llame o Env\u00ede un Mensaje 24\/7: <b>888-514-5112<\/b><\/a><\/span><\/p>\n<p>[\/et_pb_text][\/et_pb_column][\/et_pb_row][\/et_pb_section][et_pb_section fb_built=&#8221;1&#8243; _builder_version=&#8221;4.27.4&#8243; _module_preset=&#8221;default&#8221; background_image=&#8221;https:\/\/www.barklawfirm.com\/wp-content\/uploads\/2025\/09\/color-bg.jpg&#8221; locked=&#8221;off&#8221; global_colors_info=&#8221;{}&#8221;][et_pb_row column_structure=&#8221;1_2,1_2&#8243; make_equal=&#8221;on&#8221; _builder_version=&#8221;4.27.4&#8243; _module_preset=&#8221;default&#8221; global_colors_info=&#8221;{}&#8221;][et_pb_column type=&#8221;1_2&#8243; _builder_version=&#8221;4.27.4&#8243; _module_preset=&#8221;default&#8221; global_colors_info=&#8221;{}&#8221;][et_pb_text _builder_version=&#8221;4.27.4&#8243; _module_preset=&#8221;default&#8221; header_font_size=&#8221;54px&#8221; width=&#8221;75%&#8221; width_tablet=&#8221;100%&#8221; width_phone=&#8221;100%&#8221; width_last_edited=&#8221;on|phone&#8221; header_font_size_tablet=&#8221;46px&#8221; header_font_size_phone=&#8221;31px&#8221; header_font_size_last_edited=&#8221;on|phone&#8221; global_colors_info=&#8221;{}&#8221;]<\/p>\n<h1><strong>Obtenga respuestas.<\/strong><br \/>Sin presiones.<\/h1>\n<p>Si est\u00e1 lesionado, abrumado o no est\u00e1 seguro de qu\u00e9 hacer a continuaci\u00f3n, hablemos. Su consulta es gratuita, confidencial y se enfoca en una sola cosa: ayudarlo a entender sus opciones en t\u00e9rminos sencillos para que pueda seguir adelante con confianza. <\/p>\n<p><strong>Direcci\u00f3n:<\/strong><br \/><a href=\"http:\/\/google.com\/maps\/dir\/\/6047+Bristol+Pkwy,+Culver+City,+CA+90230\/@43.0295022,-87.904056,15z\/data=!4m8!4m7!1m0!1m5!1m1!1s0x80c2c7a1b77142df:0x4c8f91c562c3427d!2m2!1d-118.3888793!2d33.9859235?entry=ttu&amp;g_ep=EgoyMDI1MTIwOS4wIKXMDSoASAFQAw%3D%3D\" target=\"_blank\" rel=\"noopener\">6047 Bristol Pkwy.<\/a><br \/><a href=\"http:\/\/google.com\/maps\/dir\/\/6047+Bristol+Pkwy,+Culver+City,+CA+90230\/@43.0295022,-87.904056,15z\/data=!4m8!4m7!1m0!1m5!1m1!1s0x80c2c7a1b77142df:0x4c8f91c562c3427d!2m2!1d-118.3888793!2d33.9859235?entry=ttu&amp;g_ep=EgoyMDI1MTIwOS4wIKXMDSoASAFQAw%3D%3D\" target=\"_blank\" rel=\"noopener\">Culver City, CA 90230<\/a><\/p>\n<p><strong>Tel\u00e9fono:<\/strong><br \/><a href=\"tel:888-514-5112\">888-514-5112<\/a><\/p>\n<p>[\/et_pb_text][et_pb_button button_url=&#8221;https:\/\/calendly.com\/barklawfirm\/20min&#8221; url_new_window=&#8221;on&#8221; button_text=&#8221;Programe ahora en Calendly&#8221; _builder_version=&#8221;4.27.4&#8243; _module_preset=&#8221;default&#8221; custom_button=&#8221;on&#8221; button_text_color=&#8221;#FFFFFF&#8221; button_bg_color=&#8221;#2055FF&#8221; button_border_width=&#8221;0px&#8221; button_border_radius=&#8221;0px&#8221; button_font=&#8221;&#8211;et_global_heading_font|700|||||||&#8221; button_icon=&#8221;&#x24;||divi||400&#8243; custom_padding=&#8221;12px||12px||true|false&#8221; global_colors_info=&#8221;{}&#8221;][\/et_pb_button][\/et_pb_column][et_pb_column type=&#8221;1_2&#8243; _builder_version=&#8221;4.27.4&#8243; _module_preset=&#8221;default&#8221; background_color=&#8221;#F7F7F5&#8243; box_shadow_style=&#8221;preset3&#8243; global_colors_info=&#8221;{}&#8221;][et_pb_code _builder_version=&#8221;4.27.6&#8243; _module_preset=&#8221;default&#8221; saved_tabs=&#8221;all&#8221; global_colors_info=&#8221;{}&#8221; global_module=&#8221;959&#8243; theme_builder_area=&#8221;post_content&#8221;]<!-- Start Lawmatics Embedded Snippet --><!-- [et_pb_line_break_holder] --><script id=\"lm-embedded-script\"><!-- [et_pb_line_break_holder] -->!function(e,t,n,a,s,c,i){<!-- [et_pb_line_break_holder] -->  if(!e[s]){<!-- [et_pb_line_break_holder] -->    i=e[s]=function(){<!-- [et_pb_line_break_holder] -->      i.process?i.process.apply(i,arguments):i.queue.push(arguments)<!-- [et_pb_line_break_holder] -->    },<!-- [et_pb_line_break_holder] -->    i.queue=[],<!-- [et_pb_line_break_holder] -->    i.t=1*new Date;<!-- [et_pb_line_break_holder] -->    var o=t.createElement(n);<!-- [et_pb_line_break_holder] -->    o.async=1;<!-- [et_pb_line_break_holder] -->    o.src=a+\"?t=\"+Math.ceil(new Date\/c)*c;<!-- [et_pb_line_break_holder] -->    var r=t.getElementsByTagName(n)[0];<!-- [et_pb_line_break_holder] -->    r.parentNode.insertBefore(o,r)<!-- [et_pb_line_break_holder] -->  }<!-- [et_pb_line_break_holder] -->}(window,document,\"script\",\"https:\/\/navi.lawmatics.com\/intake.min.js\",\"lm_intake\",864e5);<!-- [et_pb_line_break_holder] --><!-- [et_pb_line_break_holder] -->\/\/ Get UTMs from localStorage<!-- [et_pb_line_break_holder] -->var utms = {<!-- [et_pb_line_break_holder] -->  utm_source: localStorage.getItem(\"utm_source\"),<!-- [et_pb_line_break_holder] -->  utm_medium: localStorage.getItem(\"utm_medium\"),<!-- [et_pb_line_break_holder] -->  utm_campaign: localStorage.getItem(\"utm_campaign\")<!-- [et_pb_line_break_holder] -->};<!-- [et_pb_line_break_holder] --><!-- [et_pb_line_break_holder] -->\/\/ Pass UTMs into Lawmatics<!-- [et_pb_line_break_holder] -->lm_intake(<!-- [et_pb_line_break_holder] -->  \"6255a99b-a9cb-4601-92ea-22f77a47b849\",<!-- [et_pb_line_break_holder] -->  \"lm-embedded-script\",<!-- [et_pb_line_break_holder] -->  utms<!-- [et_pb_line_break_holder] -->);<!-- [et_pb_line_break_holder] --><\/script><!-- [et_pb_line_break_holder] --><!-- End Lawmatics Embedded Snippet -->[\/et_pb_code][\/et_pb_column][\/et_pb_row][\/et_pb_section]<\/p>\n","protected":false},"excerpt":{"rendered":"<p>Llame o Env\u00ede un Mensaje 24\/7: 888-514-5112Obtenga respuestas.Sin presiones. Si est\u00e1 lesionado, abrumado o no est\u00e1 seguro de qu\u00e9 hacer a continuaci\u00f3n, hablemos. Su consulta es gratuita, confidencial y se enfoca en una sola cosa: ayudarlo a entender sus opciones en t\u00e9rminos sencillos para que pueda seguir adelante con confianza. Direcci\u00f3n:6047 Bristol Pkwy.Culver City, CA 90230 Tel\u00e9fono:888-514-5112<\/p>\n","protected":false},"author":3,"featured_media":0,"parent":0,"menu_order":4,"comment_status":"closed","ping_status":"closed","template":"","meta":{"_et_pb_use_builder":"on","_et_pb_old_content":"","_et_gb_content_width":"","footnotes":""},"class_list":["post-723","page","type-page","status-publish","hentry"],"yoast_head":"<!-- This site is optimized with the Yoast SEO plugin v27.3 - https:\/\/yoast.com\/product\/yoast-seo-wordpress\/ -->\n<title>Contacte a Bark Law Firm | \u00bfTengo un caso? Disponible<\/title>\n<meta name=\"description\" content=\"Contacte a Bark Law Firm para programar una consulta gratuita. Comun\u00edquese por tel\u00e9fono o en l\u00ednea para obtener ayuda con asuntos de lesiones personales, compensaci\u00f3n laboral o derecho laboral.\" \/>\n<meta name=\"robots\" content=\"index, follow, max-snippet:-1, max-image-preview:large, max-video-preview:-1\" \/>\n<link rel=\"canonical\" href=\"https:\/\/www.barklawfirm.com\/es\/contactenos\/\" \/>\n<meta property=\"og:locale\" content=\"es_ES\" \/>\n<meta property=\"og:type\" content=\"article\" \/>\n<meta property=\"og:title\" content=\"Contacte a Bark Law Firm | \u00bfTengo un caso? Disponible\" \/>\n<meta property=\"og:description\" content=\"Contacte a Bark Law Firm para programar una consulta gratuita. Comun\u00edquese por tel\u00e9fono o en l\u00ednea para obtener ayuda con asuntos de lesiones personales, compensaci\u00f3n laboral o derecho laboral.\" \/>\n<meta property=\"og:url\" content=\"https:\/\/www.barklawfirm.com\/es\/contactenos\/\" \/>\n<meta property=\"og:site_name\" content=\"Bark Law Firm\" \/>\n<meta property=\"article:publisher\" content=\"https:\/\/www.facebook.com\/workinjurytidbits\/\" \/>\n<meta property=\"article:modified_time\" content=\"2026-04-14T19:39:25+00:00\" \/>\n<meta name=\"twitter:card\" content=\"summary_large_image\" \/>\n<meta name=\"twitter:label1\" content=\"Tiempo de lectura\" \/>\n\t<meta name=\"twitter:data1\" content=\"1 minute\" \/>\n<script type=\"application\/ld+json\" class=\"yoast-schema-graph\">{\"@context\":\"https:\\\/\\\/schema.org\",\"@graph\":[{\"@type\":\"WebPage\",\"@id\":\"https:\\\/\\\/www.barklawfirm.com\\\/es\\\/contactenos\\\/\",\"url\":\"https:\\\/\\\/www.barklawfirm.com\\\/es\\\/contactenos\\\/\",\"name\":\"Contacte a Bark Law Firm | \u00bfTengo un caso? Disponible\",\"isPartOf\":{\"@id\":\"https:\\\/\\\/www.barklawfirm.com\\\/#website\"},\"datePublished\":\"2025-09-22T21:05:14+00:00\",\"dateModified\":\"2026-04-14T19:39:25+00:00\",\"description\":\"Contacte a Bark Law Firm para programar una consulta gratuita. Comun\u00edquese por tel\u00e9fono o en l\u00ednea para obtener ayuda con asuntos de lesiones personales, compensaci\u00f3n laboral o derecho laboral.\",\"breadcrumb\":{\"@id\":\"https:\\\/\\\/www.barklawfirm.com\\\/es\\\/contactenos\\\/#breadcrumb\"},\"inLanguage\":\"es-ES\",\"potentialAction\":[{\"@type\":\"ReadAction\",\"target\":[\"https:\\\/\\\/www.barklawfirm.com\\\/es\\\/contactenos\\\/\"]}]},{\"@type\":\"BreadcrumbList\",\"@id\":\"https:\\\/\\\/www.barklawfirm.com\\\/es\\\/contactenos\\\/#breadcrumb\",\"itemListElement\":[{\"@type\":\"ListItem\",\"position\":1,\"name\":\"Home\",\"item\":\"https:\\\/\\\/www.barklawfirm.com\\\/es\\\/\"},{\"@type\":\"ListItem\",\"position\":2,\"name\":\"Cont\u00e1ctenos\"}]},{\"@type\":\"WebSite\",\"@id\":\"https:\\\/\\\/www.barklawfirm.com\\\/#website\",\"url\":\"https:\\\/\\\/www.barklawfirm.com\\\/\",\"name\":\"Bark Law Firm\",\"description\":\"\",\"publisher\":{\"@id\":\"https:\\\/\\\/www.barklawfirm.com\\\/#organization\"},\"alternateName\":\"Barkhordarian Law\",\"potentialAction\":[{\"@type\":\"SearchAction\",\"target\":{\"@type\":\"EntryPoint\",\"urlTemplate\":\"https:\\\/\\\/www.barklawfirm.com\\\/?s={search_term_string}\"},\"query-input\":{\"@type\":\"PropertyValueSpecification\",\"valueRequired\":true,\"valueName\":\"search_term_string\"}}],\"inLanguage\":\"es-ES\"},{\"@type\":\"Organization\",\"@id\":\"https:\\\/\\\/www.barklawfirm.com\\\/#organization\",\"name\":\"Bark Law Firm\",\"alternateName\":\"Barkhordarian Law\",\"url\":\"https:\\\/\\\/www.barklawfirm.com\\\/\",\"logo\":{\"@type\":\"ImageObject\",\"inLanguage\":\"es-ES\",\"@id\":\"https:\\\/\\\/www.barklawfirm.com\\\/#\\\/schema\\\/logo\\\/image\\\/\",\"url\":\"https:\\\/\\\/www.barklawfirm.com\\\/wp-content\\\/uploads\\\/2025\\\/12\\\/294453382_1401149460363256_4317620745549306834_n.png\",\"contentUrl\":\"https:\\\/\\\/www.barklawfirm.com\\\/wp-content\\\/uploads\\\/2025\\\/12\\\/294453382_1401149460363256_4317620745549306834_n.png\",\"width\":1200,\"height\":628,\"caption\":\"Bark Law Firm\"},\"image\":{\"@id\":\"https:\\\/\\\/www.barklawfirm.com\\\/#\\\/schema\\\/logo\\\/image\\\/\"},\"sameAs\":[\"https:\\\/\\\/www.facebook.com\\\/workinjurytidbits\\\/\",\"https:\\\/\\\/www.linkedin.com\\\/in\\\/richard-barkhordarian-3a5132186\\\/\"]}]}<\/script>\n<!-- \/ Yoast SEO plugin. -->","yoast_head_json":{"title":"Contacte a Bark Law Firm | \u00bfTengo un caso? Disponible","description":"Contacte a Bark Law Firm para programar una consulta gratuita. Comun\u00edquese por tel\u00e9fono o en l\u00ednea para obtener ayuda con asuntos de lesiones personales, compensaci\u00f3n laboral o derecho laboral.","robots":{"index":"index","follow":"follow","max-snippet":"max-snippet:-1","max-image-preview":"max-image-preview:large","max-video-preview":"max-video-preview:-1"},"canonical":"https:\/\/www.barklawfirm.com\/es\/contactenos\/","og_locale":"es_ES","og_type":"article","og_title":"Contacte a Bark Law Firm | \u00bfTengo un caso? Disponible","og_description":"Contacte a Bark Law Firm para programar una consulta gratuita. Comun\u00edquese por tel\u00e9fono o en l\u00ednea para obtener ayuda con asuntos de lesiones personales, compensaci\u00f3n laboral o derecho laboral.","og_url":"https:\/\/www.barklawfirm.com\/es\/contactenos\/","og_site_name":"Bark Law Firm","article_publisher":"https:\/\/www.facebook.com\/workinjurytidbits\/","article_modified_time":"2026-04-14T19:39:25+00:00","twitter_card":"summary_large_image","twitter_misc":{"Tiempo de lectura":"1 minute"},"schema":{"@context":"https:\/\/schema.org","@graph":[{"@type":"WebPage","@id":"https:\/\/www.barklawfirm.com\/es\/contactenos\/","url":"https:\/\/www.barklawfirm.com\/es\/contactenos\/","name":"Contacte a Bark Law Firm | \u00bfTengo un caso? Disponible","isPartOf":{"@id":"https:\/\/www.barklawfirm.com\/#website"},"datePublished":"2025-09-22T21:05:14+00:00","dateModified":"2026-04-14T19:39:25+00:00","description":"Contacte a Bark Law Firm para programar una consulta gratuita. Comun\u00edquese por tel\u00e9fono o en l\u00ednea para obtener ayuda con asuntos de lesiones personales, compensaci\u00f3n laboral o derecho laboral.","breadcrumb":{"@id":"https:\/\/www.barklawfirm.com\/es\/contactenos\/#breadcrumb"},"inLanguage":"es-ES","potentialAction":[{"@type":"ReadAction","target":["https:\/\/www.barklawfirm.com\/es\/contactenos\/"]}]},{"@type":"BreadcrumbList","@id":"https:\/\/www.barklawfirm.com\/es\/contactenos\/#breadcrumb","itemListElement":[{"@type":"ListItem","position":1,"name":"Home","item":"https:\/\/www.barklawfirm.com\/es\/"},{"@type":"ListItem","position":2,"name":"Cont\u00e1ctenos"}]},{"@type":"WebSite","@id":"https:\/\/www.barklawfirm.com\/#website","url":"https:\/\/www.barklawfirm.com\/","name":"Bark Law Firm","description":"","publisher":{"@id":"https:\/\/www.barklawfirm.com\/#organization"},"alternateName":"Barkhordarian Law","potentialAction":[{"@type":"SearchAction","target":{"@type":"EntryPoint","urlTemplate":"https:\/\/www.barklawfirm.com\/?s={search_term_string}"},"query-input":{"@type":"PropertyValueSpecification","valueRequired":true,"valueName":"search_term_string"}}],"inLanguage":"es-ES"},{"@type":"Organization","@id":"https:\/\/www.barklawfirm.com\/#organization","name":"Bark Law Firm","alternateName":"Barkhordarian Law","url":"https:\/\/www.barklawfirm.com\/","logo":{"@type":"ImageObject","inLanguage":"es-ES","@id":"https:\/\/www.barklawfirm.com\/#\/schema\/logo\/image\/","url":"https:\/\/www.barklawfirm.com\/wp-content\/uploads\/2025\/12\/294453382_1401149460363256_4317620745549306834_n.png","contentUrl":"https:\/\/www.barklawfirm.com\/wp-content\/uploads\/2025\/12\/294453382_1401149460363256_4317620745549306834_n.png","width":1200,"height":628,"caption":"Bark Law Firm"},"image":{"@id":"https:\/\/www.barklawfirm.com\/#\/schema\/logo\/image\/"},"sameAs":["https:\/\/www.facebook.com\/workinjurytidbits\/","https:\/\/www.linkedin.com\/in\/richard-barkhordarian-3a5132186\/"]}]}},"_links":{"self":[{"href":"https:\/\/www.barklawfirm.com\/es\/wp-json\/wp\/v2\/pages\/723","targetHints":{"allow":["GET"]}}],"collection":[{"href":"https:\/\/www.barklawfirm.com\/es\/wp-json\/wp\/v2\/pages"}],"about":[{"href":"https:\/\/www.barklawfirm.com\/es\/wp-json\/wp\/v2\/types\/page"}],"author":[{"embeddable":true,"href":"https:\/\/www.barklawfirm.com\/es\/wp-json\/wp\/v2\/users\/3"}],"replies":[{"embeddable":true,"href":"https:\/\/www.barklawfirm.com\/es\/wp-json\/wp\/v2\/comments?post=723"}],"version-history":[{"count":0,"href":"https:\/\/www.barklawfirm.com\/es\/wp-json\/wp\/v2\/pages\/723\/revisions"}],"wp:attachment":[{"href":"https:\/\/www.barklawfirm.com\/es\/wp-json\/wp\/v2\/media?parent=723"}],"curies":[{"name":"wp","href":"https:\/\/api.w.org\/{rel}","templated":true}]}}