{"id":662,"date":"2025-12-22T19:24:17","date_gmt":"2025-12-22T19:24:17","guid":{"rendered":"https:\/\/www.barklawfirm.com\/descargo-de-responsabilidad\/"},"modified":"2026-02-20T15:36:38","modified_gmt":"2026-02-20T15:36:38","slug":"descargo-de-responsabilidad","status":"publish","type":"page","link":"https:\/\/www.barklawfirm.com\/es\/descargo-de-responsabilidad\/","title":{"rendered":"Descargo de responsabilidad"},"content":{"rendered":"<p>[et_pb_section fb_built=&#8221;1&#8243; disabled_on=&#8221;off|on|on&#8221; _builder_version=&#8221;4.27.4&#8243; _module_preset=&#8221;default&#8221; background_color=&#8221;#0F1A2B&#8221; z_index=&#8221;100&#8243; custom_margin=&#8221;0px||0px||false|false&#8221; custom_padding=&#8221;20px||20px||false|false&#8221; sticky_position=&#8221;top&#8221; sticky_offset_top=&#8221;77px&#8221; locked=&#8221;off&#8221; global_colors_info=&#8221;{}&#8221;][et_pb_row _builder_version=&#8221;4.27.4&#8243; _module_preset=&#8221;default&#8221; width=&#8221;100%&#8221; max_width=&#8221;2560px&#8221; module_alignment=&#8221;center&#8221; custom_margin=&#8221;0px||0px||false|false&#8221; custom_padding=&#8221;0px||0px||false|false&#8221; global_colors_info=&#8221;{}&#8221;][et_pb_column type=&#8221;4_4&#8243; _builder_version=&#8221;4.27.4&#8243; _module_preset=&#8221;default&#8221; global_colors_info=&#8221;{}&#8221;][et_pb_text _builder_version=&#8221;4.27.4&#8243; _module_preset=&#8221;default&#8221; custom_margin=&#8221;0px||0px||false|false&#8221; custom_padding=&#8221;0px||0px||false|false&#8221; global_colors_info=&#8221;{}&#8221;]<\/p>\n<p style=\"text-align: center;\"><span style=\"color: #ffffff;\"><a href=\"tel:888-514-5112\" style=\"color: #ffffff;\">Llame o Env\u00ede un Mensaje 24\/7: <b>888-514-5112<\/b><\/a><\/span><\/p>\n<p>[\/et_pb_text][\/et_pb_column][\/et_pb_row][\/et_pb_section][et_pb_section fb_built=&#8221;1&#8243; _builder_version=&#8221;4.27.4&#8243; _module_preset=&#8221;default&#8221; global_colors_info=&#8221;{}&#8221;][et_pb_row _builder_version=&#8221;4.27.4&#8243; _module_preset=&#8221;default&#8221; global_colors_info=&#8221;{}&#8221;][et_pb_column type=&#8221;4_4&#8243; _builder_version=&#8221;4.27.4&#8243; _module_preset=&#8221;default&#8221; global_colors_info=&#8221;{}&#8221;][et_pb_text _builder_version=&#8221;4.27.4&#8243; _module_preset=&#8221;default&#8221; global_colors_info=&#8221;{}&#8221;]<\/p>\n<h1>Descargo de responsabilidad<\/h1>\n<p>&nbsp;<\/p>\n<h5 data-start=\"178\" data-end=\"199\">No constituye asesoramiento legal<\/h5>\n<p data-start=\"200\" data-end=\"565\">La informaci\u00f3n en este sitio web (incluidas las publicaciones del blog, videos, descargas y recursos) se proporciona <strong data-start=\"305\" data-end=\"344\">\u00fanicamente con fines informativos generales<\/strong> y no debe considerarse asesoramiento legal. Las leyes cambian, var\u00edan seg\u00fan el estado y se aplican de manera diferente seg\u00fan las circunstancias individuales. Siempre debe consultar con un abogado autorizado para obtener asesoramiento sobre su situaci\u00f3n espec\u00edfica.  <\/p>\n<h5 data-start=\"572\" data-end=\"609\">No se establece relaci\u00f3n abogado-cliente<\/h5>\n<p data-start=\"610\" data-end=\"940\">Ver este sitio web, contactar a Bark Law Firm a trav\u00e9s de este sitio, enviar un formulario o comunicarse con nuestro bufete en l\u00ednea <strong data-start=\"738\" data-end=\"745\">no<\/strong> crea una relaci\u00f3n abogado-cliente. Una relaci\u00f3n abogado-cliente solo se establece despu\u00e9s de que usted hable con nuestro equipo, evaluemos su situaci\u00f3n y ambos firmemos un acuerdo de representaci\u00f3n por escrito. <\/p>\n<h5 data-start=\"947\" data-end=\"979\">Los resultados no est\u00e1n garantizados<\/h5>\n<p data-start=\"980\" data-end=\"1236\">Cualquier resultado de caso, testimonio, acuerdo o desenlace mencionado en este sitio web son <strong data-start=\"1067\" data-end=\"1098\">ejemplos de casos pasados \u00fanicamente<\/strong>. No prometen, predicen ni garantizan resultados futuros. Cada caso es diferente y depende de muchos factores \u00fanicos. (Los resultados var\u00edan).   <\/p>\n<h5 data-start=\"1243\" data-end=\"1264\">Confidencialidad<\/h5>\n<p data-start=\"1265\" data-end=\"1565\">Por favor, no env\u00ede informaci\u00f3n confidencial o sensible a trav\u00e9s de este sitio web, redes sociales o correo electr\u00f3nico. El env\u00edo de informaci\u00f3n no la hace confidencial ni crea una relaci\u00f3n abogado-cliente. Una vez que lo representemos formalmente, las comunicaciones estar\u00e1n protegidas y se manejar\u00e1n apropiadamente.  <\/p>\n<h5 data-start=\"1572\" data-end=\"1600\">&#8220;Sin honorarios a menos que ganemos&#8221;<\/h5>\n<p data-start=\"1601\" data-end=\"1918\">Donde se indica, &#8220;sin honorarios a menos que ganemos&#8221; significa que usted no paga <strong data-start=\"1659\" data-end=\"1676\">honorarios de abogado<\/strong> a menos que obtengamos una recuperaci\u00f3n en su nombre. Los costos judiciales y gastos del caso pueden ser responsabilidad del cliente seg\u00fan el acuerdo de representaci\u00f3n firmado y la ley aplicable. Con gusto explicaremos c\u00f3mo funcionan los honorarios durante su consulta.  <\/p>\n<h5 data-start=\"1925\" data-end=\"1966\">Jurisdicci\u00f3n \/ Publicidad de abogados<\/h5>\n<p data-start=\"1967\" data-end=\"2197\">Este sitio web puede considerarse publicidad de abogados. Bark Law Firm ejerce la abogac\u00eda en jurisdicciones donde sus abogados est\u00e1n autorizados. Si est\u00e1 visitando desde otro estado, la informaci\u00f3n en este sitio puede no aplicar a sus leyes locales.  <\/p>\n<h5 data-start=\"2204\" data-end=\"2227\">Enlaces de terceros<\/h5>\n<p data-start=\"2228\" data-end=\"2425\">Este sitio web puede incluir enlaces a sitios web de terceros. Estos se proporcionan \u00fanicamente para su conveniencia. Bark Law Firm no controla, respalda ni garantiza la exactitud de la informaci\u00f3n en sitios externos.  <\/p>\n<h5 data-start=\"2432\" data-end=\"2461\">Exactitud de la informaci\u00f3n<\/h5>\n<p data-start=\"2462\" data-end=\"2699\">Trabajamos arduamente para mantener la informaci\u00f3n del sitio web actualizada y precisa, pero no podemos garantizar que todo aqu\u00ed sea completo, correcto o est\u00e9 al d\u00eda. La informaci\u00f3n legal evoluciona y el contenido del sitio web puede no reflejar los desarrollos m\u00e1s recientes. <\/p>\n<h5 data-start=\"2706\" data-end=\"2725\">Cont\u00e1ctenos<\/h5>\n<p data-start=\"2726\" data-end=\"2865\">Si tiene preguntas sobre este descargo de responsabilidad o nuestras pol\u00edticas del sitio web, por favor cont\u00e1ctenos directamente. Estaremos encantados de hablar y brindarle claridad. <\/p>\n<p>[\/et_pb_text][\/et_pb_column][\/et_pb_row][\/et_pb_section][et_pb_section fb_built=&#8221;1&#8243; _builder_version=&#8221;4.27.4&#8243; _module_preset=&#8221;default&#8221; background_color=&#8221;#F7F7F5&#8243; global_module=&#8221;135&#8243; locked=&#8221;off&#8221; global_colors_info=&#8221;{}&#8221;][et_pb_row column_structure=&#8221;1_4,1_4,1_4,1_4&#8243; use_custom_gutter=&#8221;on&#8221; gutter_width=&#8221;3&#8243; _builder_version=&#8221;4.27.4&#8243; _module_preset=&#8221;default&#8221; global_colors_info=&#8221;{}&#8221;][et_pb_column type=&#8221;1_4&#8243; _builder_version=&#8221;4.27.4&#8243; _module_preset=&#8221;default&#8221; global_colors_info=&#8221;{}&#8221;][et_pb_blurb title=&#8221;Las Personas Primero, Siempre&#8221; image=&#8221;https:\/\/www.barklawfirm.com\/wp-content\/uploads\/2025\/09\/people-first.png&#8221; image_icon_width=&#8221;25%&#8221; icon_alignment=&#8221;left&#8221; _builder_version=&#8221;4.27.4&#8243; _module_preset=&#8221;default&#8221; header_font=&#8221;|700|||||||&#8221; header_font_size=&#8221;20px&#8221; global_colors_info=&#8221;{}&#8221;]<\/p>\n<p>No solo tomamos casos. Bark Law Firm cuida a las personas. <\/p>\n<p>[\/et_pb_blurb][\/et_pb_column][et_pb_column type=&#8221;1_4&#8243; _builder_version=&#8221;4.27.4&#8243; _module_preset=&#8221;default&#8221; global_colors_info=&#8221;{}&#8221;][et_pb_blurb title=&#8221;Claridad en la Que Puede Confiar&#8221; image=&#8221;https:\/\/www.barklawfirm.com\/wp-content\/uploads\/2025\/09\/chat-1.png&#8221; image_icon_width=&#8221;25%&#8221; icon_alignment=&#8221;left&#8221; _builder_version=&#8221;4.27.4&#8243; _module_preset=&#8221;default&#8221; header_font=&#8221;|700|||||||&#8221; header_font_size=&#8221;20px&#8221; global_colors_info=&#8221;{}&#8221;]<\/p>\n<p>Sin sorpresas. Solo pasos claros en los que puede confiar.<\/p>\n<p class=\"not-prose mt-0! mb-0! flex-auto truncate\">[\/et_pb_blurb][\/et_pb_column][et_pb_column type=&#8221;1_4&#8243; _builder_version=&#8221;4.27.4&#8243; _module_preset=&#8221;default&#8221; global_colors_info=&#8221;{}&#8221;][et_pb_blurb title=&#8221;Progreso Desde el Primer D\u00eda&#8221; image=&#8221;https:\/\/www.barklawfirm.com\/wp-content\/uploads\/2025\/09\/progress.png&#8221; image_icon_width=&#8221;25%&#8221; icon_alignment=&#8221;left&#8221; _builder_version=&#8221;4.27.4&#8243; _module_preset=&#8221;default&#8221; header_font=&#8221;|700|||||||&#8221; header_font_size=&#8221;20px&#8221; global_colors_info=&#8221;{}&#8221;]<\/p>\n<p>Avanzamos con su caso mientras usted se recupera.<\/p>\n<p class=\"not-prose mt-0! mb-0! flex-auto truncate\">[\/et_pb_blurb][\/et_pb_column][et_pb_column type=&#8221;1_4&#8243; _builder_version=&#8221;4.27.4&#8243; _module_preset=&#8221;default&#8221; global_colors_info=&#8221;{}&#8221;][et_pb_blurb title=&#8221;Justicia Entregada&#8221; image=&#8221;https:\/\/www.barklawfirm.com\/wp-content\/uploads\/2025\/09\/gavel.png&#8221; image_icon_width=&#8221;25%&#8221; icon_alignment=&#8221;left&#8221; _builder_version=&#8221;4.27.4&#8243; _module_preset=&#8221;default&#8221; header_font=&#8221;|700|||||||&#8221; header_font_size=&#8221;20px&#8221; global_colors_info=&#8221;{}&#8221;]<\/p>\n<p>Defendemos la dignidad y exigimos resultados.<\/p>\n<p>[\/et_pb_blurb][\/et_pb_column][\/et_pb_row][\/et_pb_section][et_pb_section fb_built=&#8221;1&#8243; _builder_version=&#8221;4.27.4&#8243; _module_preset=&#8221;default&#8221; background_color=&#8221;#F7F7F5&#8243; global_module=&#8221;139&#8243; saved_tabs=&#8221;all&#8221; global_colors_info=&#8221;{}&#8221;][et_pb_row column_structure=&#8221;1_4,1_2,1_4&#8243; _builder_version=&#8221;4.27.4&#8243; _module_preset=&#8221;default&#8221; global_colors_info=&#8221;{}&#8221;][et_pb_column type=&#8221;1_4&#8243; _builder_version=&#8221;4.27.4&#8243; _module_preset=&#8221;default&#8221; global_colors_info=&#8221;{}&#8221;][\/et_pb_column][et_pb_column type=&#8221;1_2&#8243; _builder_version=&#8221;4.27.4&#8243; _module_preset=&#8221;default&#8221; global_colors_info=&#8221;{}&#8221;][et_pb_text _builder_version=&#8221;4.27.4&#8243; _module_preset=&#8221;default&#8221; text_font_size=&#8221;20px&#8221; header_text_align=&#8221;center&#8221; text_orientation=&#8221;center&#8221; width=&#8221;100%&#8221; header_2_font_size_tablet=&#8221;&#8221; header_2_font_size_phone=&#8221;35px&#8221; header_2_font_size_last_edited=&#8221;on|phone&#8221; global_colors_info=&#8221;{}&#8221;]<\/p>\n<h2>\u00bfListo para recuperar<br \/><strong>su poder?<\/strong><\/h2>\n<p>Env\u00edenos un mensaje o ll\u00e1menos para comenzar en minutos.<br \/>Sus derechos son nuestra causa, y su estabilidad es nuestra misi\u00f3n.<\/p>\n<p>Llame o env\u00ede un mensaje 24\/7: <a href=\"tel:888-514-5112\"><span data-contrast=\"auto\" xml:lang=\"EN-US\" lang=\"EN-US\" class=\"TextRun SCXW89476592 BCX0\"><span class=\"NormalTextRun SCXW89476592 BCX0\" data-ccp-parastyle=\"No Spacing\">888-514-5112<\/span><\/span><\/a><\/p>\n<p>[\/et_pb_text][et_pb_button button_url=&#8221;https:\/\/www.barklawfirm.com\/contact\/&#8221; button_text=&#8221;\u00bfTengo un Caso?&#8221; button_alignment=&#8221;center&#8221; _builder_version=&#8221;4.27.4&#8243; _module_preset=&#8221;default&#8221; custom_button=&#8221;on&#8221; button_text_color=&#8221;#FFFFFF&#8221; button_bg_color=&#8221;#2055FF&#8221; button_border_width=&#8221;0px&#8221; button_border_radius=&#8221;0px&#8221; button_font=&#8221;&#8211;et_global_heading_font|700|||||||&#8221; button_icon=&#8221;&#x24;||divi||400&#8243; custom_margin=&#8221;39px||||false|false&#8221; custom_padding=&#8221;12px||12px||true|false&#8221; global_colors_info=&#8221;{}&#8221;][\/et_pb_button][\/et_pb_column][et_pb_column type=&#8221;1_4&#8243; _builder_version=&#8221;4.27.4&#8243; _module_preset=&#8221;default&#8221; global_colors_info=&#8221;{}&#8221;][\/et_pb_column][\/et_pb_row][\/et_pb_section]<\/p>\n","protected":false},"excerpt":{"rendered":"<p>Llame o Env\u00ede un Mensaje 24\/7: 888-514-5112Descargo de responsabilidad &nbsp; No constituye asesoramiento legal La informaci\u00f3n en este sitio web (incluidas las publicaciones del blog, videos, descargas y recursos) se proporciona \u00fanicamente con fines informativos generales y no debe considerarse asesoramiento legal. Las leyes cambian, var\u00edan seg\u00fan el estado y se aplican de manera diferente seg\u00fan las circunstancias individuales. Siempre debe consultar con un abogado autorizado para obtener asesoramiento sobre su situaci\u00f3n espec\u00edfica. No se establece relaci\u00f3n abogado-cliente Ver este sitio web, contactar a Bark Law Firm a trav\u00e9s de este sitio, enviar un formulario o comunicarse con nuestro bufete en l\u00ednea no crea una relaci\u00f3n abogado-cliente. Una relaci\u00f3n abogado-cliente solo se establece despu\u00e9s de que usted hable con nuestro equipo, evaluemos su situaci\u00f3n y ambos firmemos un acuerdo de representaci\u00f3n por escrito. Los resultados no est\u00e1n garantizados Cualquier resultado de caso, testimonio, acuerdo o desenlace mencionado en este sitio web son ejemplos de casos pasados \u00fanicamente. No prometen, predicen ni garantizan resultados futuros. Cada caso es diferente y depende de muchos factores \u00fanicos. (Los resultados var\u00edan). Confidencialidad Por favor, no env\u00ede informaci\u00f3n confidencial o sensible a trav\u00e9s de este sitio web, redes sociales o correo electr\u00f3nico. El env\u00edo de [&hellip;]<\/p>\n","protected":false},"author":3,"featured_media":0,"parent":0,"menu_order":0,"comment_status":"closed","ping_status":"closed","template":"","meta":{"_et_pb_use_builder":"on","_et_pb_old_content":"","_et_gb_content_width":"","footnotes":""},"class_list":["post-662","page","type-page","status-publish","hentry"],"yoast_head":"<!-- This site is optimized with the Yoast SEO plugin v27.3 - https:\/\/yoast.com\/product\/yoast-seo-wordpress\/ -->\n<title>Descargo de responsabilidad legal | Bark Law Firm<\/title>\n<meta name=\"description\" content=\"Lea el descargo de responsabilidad legal de Bark Law Firm, que incluye informaci\u00f3n importante sobre asesoramiento legal, relaciones abogado-cliente, resultados, confidencialidad y jurisdicci\u00f3n.\" \/>\n<meta name=\"robots\" content=\"index, follow, max-snippet:-1, max-image-preview:large, max-video-preview:-1\" \/>\n<link rel=\"canonical\" href=\"https:\/\/www.barklawfirm.com\/es\/descargo-de-responsabilidad\/\" \/>\n<meta property=\"og:locale\" content=\"es_ES\" \/>\n<meta property=\"og:type\" content=\"article\" \/>\n<meta property=\"og:title\" content=\"Descargo de responsabilidad legal | Bark Law Firm\" \/>\n<meta property=\"og:description\" content=\"Lea el descargo de responsabilidad legal de Bark Law Firm, que incluye informaci\u00f3n importante sobre asesoramiento legal, relaciones abogado-cliente, resultados, confidencialidad y jurisdicci\u00f3n.\" \/>\n<meta property=\"og:url\" content=\"https:\/\/www.barklawfirm.com\/es\/descargo-de-responsabilidad\/\" \/>\n<meta property=\"og:site_name\" content=\"Bark Law Firm\" \/>\n<meta property=\"article:publisher\" content=\"https:\/\/www.facebook.com\/workinjurytidbits\/\" \/>\n<meta property=\"article:modified_time\" content=\"2026-02-20T15:36:38+00:00\" \/>\n<meta name=\"twitter:card\" content=\"summary_large_image\" \/>\n<meta name=\"twitter:label1\" content=\"Tiempo de lectura\" \/>\n\t<meta name=\"twitter:data1\" content=\"6 minutes\" \/>\n<script type=\"application\/ld+json\" class=\"yoast-schema-graph\">{\"@context\":\"https:\\\/\\\/schema.org\",\"@graph\":[{\"@type\":\"WebPage\",\"@id\":\"https:\\\/\\\/www.barklawfirm.com\\\/es\\\/descargo-de-responsabilidad\\\/\",\"url\":\"https:\\\/\\\/www.barklawfirm.com\\\/es\\\/descargo-de-responsabilidad\\\/\",\"name\":\"Descargo de responsabilidad legal | Bark Law Firm\",\"isPartOf\":{\"@id\":\"https:\\\/\\\/www.barklawfirm.com\\\/#website\"},\"datePublished\":\"2025-12-22T19:24:17+00:00\",\"dateModified\":\"2026-02-20T15:36:38+00:00\",\"description\":\"Lea el descargo de responsabilidad legal de Bark Law Firm, que incluye informaci\u00f3n importante sobre asesoramiento legal, relaciones abogado-cliente, resultados, confidencialidad y jurisdicci\u00f3n.\",\"breadcrumb\":{\"@id\":\"https:\\\/\\\/www.barklawfirm.com\\\/es\\\/descargo-de-responsabilidad\\\/#breadcrumb\"},\"inLanguage\":\"es-ES\",\"potentialAction\":[{\"@type\":\"ReadAction\",\"target\":[\"https:\\\/\\\/www.barklawfirm.com\\\/es\\\/descargo-de-responsabilidad\\\/\"]}]},{\"@type\":\"BreadcrumbList\",\"@id\":\"https:\\\/\\\/www.barklawfirm.com\\\/es\\\/descargo-de-responsabilidad\\\/#breadcrumb\",\"itemListElement\":[{\"@type\":\"ListItem\",\"position\":1,\"name\":\"Home\",\"item\":\"https:\\\/\\\/www.barklawfirm.com\\\/es\\\/\"},{\"@type\":\"ListItem\",\"position\":2,\"name\":\"Descargo de responsabilidad\"}]},{\"@type\":\"WebSite\",\"@id\":\"https:\\\/\\\/www.barklawfirm.com\\\/#website\",\"url\":\"https:\\\/\\\/www.barklawfirm.com\\\/\",\"name\":\"Bark Law Firm\",\"description\":\"\",\"publisher\":{\"@id\":\"https:\\\/\\\/www.barklawfirm.com\\\/#organization\"},\"alternateName\":\"Barkhordarian Law\",\"potentialAction\":[{\"@type\":\"SearchAction\",\"target\":{\"@type\":\"EntryPoint\",\"urlTemplate\":\"https:\\\/\\\/www.barklawfirm.com\\\/?s={search_term_string}\"},\"query-input\":{\"@type\":\"PropertyValueSpecification\",\"valueRequired\":true,\"valueName\":\"search_term_string\"}}],\"inLanguage\":\"es-ES\"},{\"@type\":\"Organization\",\"@id\":\"https:\\\/\\\/www.barklawfirm.com\\\/#organization\",\"name\":\"Bark Law Firm\",\"alternateName\":\"Barkhordarian Law\",\"url\":\"https:\\\/\\\/www.barklawfirm.com\\\/\",\"logo\":{\"@type\":\"ImageObject\",\"inLanguage\":\"es-ES\",\"@id\":\"https:\\\/\\\/www.barklawfirm.com\\\/#\\\/schema\\\/logo\\\/image\\\/\",\"url\":\"https:\\\/\\\/www.barklawfirm.com\\\/wp-content\\\/uploads\\\/2025\\\/12\\\/294453382_1401149460363256_4317620745549306834_n.png\",\"contentUrl\":\"https:\\\/\\\/www.barklawfirm.com\\\/wp-content\\\/uploads\\\/2025\\\/12\\\/294453382_1401149460363256_4317620745549306834_n.png\",\"width\":1200,\"height\":628,\"caption\":\"Bark Law Firm\"},\"image\":{\"@id\":\"https:\\\/\\\/www.barklawfirm.com\\\/#\\\/schema\\\/logo\\\/image\\\/\"},\"sameAs\":[\"https:\\\/\\\/www.facebook.com\\\/workinjurytidbits\\\/\",\"https:\\\/\\\/www.linkedin.com\\\/in\\\/richard-barkhordarian-3a5132186\\\/\"]}]}<\/script>\n<!-- \/ Yoast SEO plugin. -->","yoast_head_json":{"title":"Descargo de responsabilidad legal | Bark Law Firm","description":"Lea el descargo de responsabilidad legal de Bark Law Firm, que incluye informaci\u00f3n importante sobre asesoramiento legal, relaciones abogado-cliente, resultados, confidencialidad y jurisdicci\u00f3n.","robots":{"index":"index","follow":"follow","max-snippet":"max-snippet:-1","max-image-preview":"max-image-preview:large","max-video-preview":"max-video-preview:-1"},"canonical":"https:\/\/www.barklawfirm.com\/es\/descargo-de-responsabilidad\/","og_locale":"es_ES","og_type":"article","og_title":"Descargo de responsabilidad legal | Bark Law Firm","og_description":"Lea el descargo de responsabilidad legal de Bark Law Firm, que incluye informaci\u00f3n importante sobre asesoramiento legal, relaciones abogado-cliente, resultados, confidencialidad y jurisdicci\u00f3n.","og_url":"https:\/\/www.barklawfirm.com\/es\/descargo-de-responsabilidad\/","og_site_name":"Bark Law Firm","article_publisher":"https:\/\/www.facebook.com\/workinjurytidbits\/","article_modified_time":"2026-02-20T15:36:38+00:00","twitter_card":"summary_large_image","twitter_misc":{"Tiempo de lectura":"6 minutes"},"schema":{"@context":"https:\/\/schema.org","@graph":[{"@type":"WebPage","@id":"https:\/\/www.barklawfirm.com\/es\/descargo-de-responsabilidad\/","url":"https:\/\/www.barklawfirm.com\/es\/descargo-de-responsabilidad\/","name":"Descargo de responsabilidad legal | Bark Law Firm","isPartOf":{"@id":"https:\/\/www.barklawfirm.com\/#website"},"datePublished":"2025-12-22T19:24:17+00:00","dateModified":"2026-02-20T15:36:38+00:00","description":"Lea el descargo de responsabilidad legal de Bark Law Firm, que incluye informaci\u00f3n importante sobre asesoramiento legal, relaciones abogado-cliente, resultados, confidencialidad y jurisdicci\u00f3n.","breadcrumb":{"@id":"https:\/\/www.barklawfirm.com\/es\/descargo-de-responsabilidad\/#breadcrumb"},"inLanguage":"es-ES","potentialAction":[{"@type":"ReadAction","target":["https:\/\/www.barklawfirm.com\/es\/descargo-de-responsabilidad\/"]}]},{"@type":"BreadcrumbList","@id":"https:\/\/www.barklawfirm.com\/es\/descargo-de-responsabilidad\/#breadcrumb","itemListElement":[{"@type":"ListItem","position":1,"name":"Home","item":"https:\/\/www.barklawfirm.com\/es\/"},{"@type":"ListItem","position":2,"name":"Descargo de responsabilidad"}]},{"@type":"WebSite","@id":"https:\/\/www.barklawfirm.com\/#website","url":"https:\/\/www.barklawfirm.com\/","name":"Bark Law Firm","description":"","publisher":{"@id":"https:\/\/www.barklawfirm.com\/#organization"},"alternateName":"Barkhordarian Law","potentialAction":[{"@type":"SearchAction","target":{"@type":"EntryPoint","urlTemplate":"https:\/\/www.barklawfirm.com\/?s={search_term_string}"},"query-input":{"@type":"PropertyValueSpecification","valueRequired":true,"valueName":"search_term_string"}}],"inLanguage":"es-ES"},{"@type":"Organization","@id":"https:\/\/www.barklawfirm.com\/#organization","name":"Bark Law Firm","alternateName":"Barkhordarian Law","url":"https:\/\/www.barklawfirm.com\/","logo":{"@type":"ImageObject","inLanguage":"es-ES","@id":"https:\/\/www.barklawfirm.com\/#\/schema\/logo\/image\/","url":"https:\/\/www.barklawfirm.com\/wp-content\/uploads\/2025\/12\/294453382_1401149460363256_4317620745549306834_n.png","contentUrl":"https:\/\/www.barklawfirm.com\/wp-content\/uploads\/2025\/12\/294453382_1401149460363256_4317620745549306834_n.png","width":1200,"height":628,"caption":"Bark Law Firm"},"image":{"@id":"https:\/\/www.barklawfirm.com\/#\/schema\/logo\/image\/"},"sameAs":["https:\/\/www.facebook.com\/workinjurytidbits\/","https:\/\/www.linkedin.com\/in\/richard-barkhordarian-3a5132186\/"]}]}},"_links":{"self":[{"href":"https:\/\/www.barklawfirm.com\/es\/wp-json\/wp\/v2\/pages\/662","targetHints":{"allow":["GET"]}}],"collection":[{"href":"https:\/\/www.barklawfirm.com\/es\/wp-json\/wp\/v2\/pages"}],"about":[{"href":"https:\/\/www.barklawfirm.com\/es\/wp-json\/wp\/v2\/types\/page"}],"author":[{"embeddable":true,"href":"https:\/\/www.barklawfirm.com\/es\/wp-json\/wp\/v2\/users\/3"}],"replies":[{"embeddable":true,"href":"https:\/\/www.barklawfirm.com\/es\/wp-json\/wp\/v2\/comments?post=662"}],"version-history":[{"count":0,"href":"https:\/\/www.barklawfirm.com\/es\/wp-json\/wp\/v2\/pages\/662\/revisions"}],"wp:attachment":[{"href":"https:\/\/www.barklawfirm.com\/es\/wp-json\/wp\/v2\/media?parent=662"}],"curies":[{"name":"wp","href":"https:\/\/api.w.org\/{rel}","templated":true}]}}