{"id":660,"date":"2025-12-19T16:40:54","date_gmt":"2025-12-19T16:40:54","guid":{"rendered":"https:\/\/www.barklawfirm.com\/richard-barkhordarian-esq\/"},"modified":"2026-03-11T17:58:38","modified_gmt":"2026-03-11T17:58:38","slug":"richard-barkhordarian-esq","status":"publish","type":"page","link":"https:\/\/www.barklawfirm.com\/es\/richard-barkhordarian-esq\/","title":{"rendered":"Richard Barkhordarian, Esq."},"content":{"rendered":"<p>[et_pb_section fb_built=&#8221;1&#8243; disabled_on=&#8221;off|on|on&#8221; _builder_version=&#8221;4.27.4&#8243; _module_preset=&#8221;default&#8221; background_color=&#8221;#0F1A2B&#8221; z_index=&#8221;100&#8243; custom_margin=&#8221;0px||0px||false|false&#8221; custom_padding=&#8221;20px||20px||false|false&#8221; sticky_position=&#8221;top&#8221; sticky_offset_top=&#8221;77px&#8221; locked=&#8221;off&#8221; global_colors_info=&#8221;{}&#8221;][et_pb_row _builder_version=&#8221;4.27.4&#8243; _module_preset=&#8221;default&#8221; width=&#8221;100%&#8221; max_width=&#8221;2560px&#8221; module_alignment=&#8221;center&#8221; custom_margin=&#8221;0px||0px||false|false&#8221; custom_padding=&#8221;0px||0px||false|false&#8221; global_colors_info=&#8221;{}&#8221;][et_pb_column type=&#8221;4_4&#8243; _builder_version=&#8221;4.27.4&#8243; _module_preset=&#8221;default&#8221; global_colors_info=&#8221;{}&#8221;][et_pb_text _builder_version=&#8221;4.27.4&#8243; _module_preset=&#8221;default&#8221; custom_margin=&#8221;0px||0px||false|false&#8221; custom_padding=&#8221;0px||0px||false|false&#8221; global_colors_info=&#8221;{}&#8221;]<\/p>\n<p style=\"text-align: center;\"><span style=\"color: #ffffff;\"><a href=\"tel:888-514-5112\" style=\"color: #ffffff;\">Llame o Env\u00ede un Mensaje 24\/7: <b>888-514-5112<\/b><\/a><\/span><\/p>\n<p>[\/et_pb_text][\/et_pb_column][\/et_pb_row][\/et_pb_section][et_pb_section fb_built=&#8221;1&#8243; _builder_version=&#8221;4.27.4&#8243; _module_preset=&#8221;default&#8221; global_colors_info=&#8221;{}&#8221;][et_pb_row column_structure=&#8221;2_5,3_5&#8243; make_equal=&#8221;on&#8221; _builder_version=&#8221;4.27.4&#8243; _module_preset=&#8221;default&#8221; module_alignment=&#8221;center&#8221; global_colors_info=&#8221;{}&#8221;][et_pb_column type=&#8221;2_5&#8243; _builder_version=&#8221;4.27.4&#8243; _module_preset=&#8221;default&#8221; global_colors_info=&#8221;{}&#8221;][et_pb_image src=&#8221;https:\/\/www.barklawfirm.com\/wp-content\/uploads\/2025\/12\/Consultation-richard.png&#8221; title_text=&#8221;Consultation-richard&#8221; _builder_version=&#8221;4.27.4&#8243; _module_preset=&#8221;default&#8221; global_colors_info=&#8221;{}&#8221;][\/et_pb_image][\/et_pb_column][et_pb_column type=&#8221;3_5&#8243; _builder_version=&#8221;4.27.4&#8243; _module_preset=&#8221;default&#8221; global_colors_info=&#8221;{}&#8221;][et_pb_text _builder_version=&#8221;4.27.4&#8243; _module_preset=&#8221;default&#8221; header_font_size=&#8221;56px&#8221; header_3_font=&#8221;||on||||||&#8221; header_3_text_color=&#8221;#2055FF&#8221; header_3_font_size=&#8221;27px&#8221; header_font_size_tablet=&#8221;56px&#8221; header_font_size_phone=&#8221;30px&#8221; header_font_size_last_edited=&#8221;on|phone&#8221; custom_css_main_element=&#8221;||&#8221; custom_css_free_form=&#8221;||&#8221; global_colors_info=&#8221;{}&#8221;]<\/p>\n<h1>Richard Barkhordarian, Esq.<\/h1>\n<h3>Director<\/h3>\n<p data-start=\"163\" data-end=\"601\">El Abogado Richard Barkhordarian ejerce la abogac\u00eda desde 2004. Graduado de la Facultad de Derecho de la Universidad de Pepperdine, comenz\u00f3 su carrera como litigante empresarial. Con el tiempo, sin embargo, Richard descubri\u00f3 que este camino carec\u00eda de la realizaci\u00f3n personal que buscaba. Deseando generar un impacto m\u00e1s significativo, eligi\u00f3 dedicar el resto de su carrera legal a ayudar a quienes cre\u00eda que m\u00e1s lo necesitaban: personas de las que con demasiada frecuencia se aprovechaban.   <\/p>\n<p data-start=\"603\" data-end=\"743\">El 1 de abril de 2012, fund\u00f3 Barkhordarian Law Firm, PC, enfoc\u00e1ndose en representar a trabajadores lesionados en reclamos contra sus empleadores.<\/p>\n<p data-start=\"745\" data-end=\"1323\">A medida que su pr\u00e1ctica crec\u00eda, Richard comenz\u00f3 a observar un patr\u00f3n preocupante. Los empleadores no solo trataban a los trabajadores como desechables, sino que en muchos casos tambi\u00e9n ignoraban las leyes laborales, creando dificultades a\u00fan mayores para los empleados. En respuesta, y como parte de su compromiso continuo de defender a los trabajadores, Richard estableci\u00f3 una Secci\u00f3n de Derecho Laboral en Barkhordarian Law Firm el 1 de enero de 2019. Esta expansi\u00f3n permite al bufete manejar completamente las disputas laborales de los clientes de manera interna, mientras contin\u00faa responsabilizando a los empleadores y asegurando que operen dentro de las leyes de nuestro estado.   <\/p>\n<p>[\/et_pb_text][\/et_pb_column][\/et_pb_row][\/et_pb_section][et_pb_section fb_built=&#8221;1&#8243; _builder_version=&#8221;4.27.4&#8243; _module_preset=&#8221;default&#8221; background_color=&#8221;#F7F7F5&#8243; global_module=&#8221;135&#8243; locked=&#8221;off&#8221; global_colors_info=&#8221;{}&#8221;][et_pb_row column_structure=&#8221;1_4,1_4,1_4,1_4&#8243; use_custom_gutter=&#8221;on&#8221; gutter_width=&#8221;3&#8243; _builder_version=&#8221;4.27.4&#8243; _module_preset=&#8221;default&#8221; global_colors_info=&#8221;{}&#8221;][et_pb_column type=&#8221;1_4&#8243; _builder_version=&#8221;4.27.4&#8243; _module_preset=&#8221;default&#8221; global_colors_info=&#8221;{}&#8221;][et_pb_blurb title=&#8221;Las Personas Primero, Siempre&#8221; image=&#8221;https:\/\/www.barklawfirm.com\/wp-content\/uploads\/2025\/09\/people-first.png&#8221; image_icon_width=&#8221;25%&#8221; icon_alignment=&#8221;left&#8221; _builder_version=&#8221;4.27.4&#8243; _module_preset=&#8221;default&#8221; header_font=&#8221;|700|||||||&#8221; header_font_size=&#8221;20px&#8221; global_colors_info=&#8221;{}&#8221;]<\/p>\n<p>No solo tomamos casos. Bark Law Firm cuida a las personas. <\/p>\n<p>[\/et_pb_blurb][\/et_pb_column][et_pb_column type=&#8221;1_4&#8243; _builder_version=&#8221;4.27.4&#8243; _module_preset=&#8221;default&#8221; global_colors_info=&#8221;{}&#8221;][et_pb_blurb title=&#8221;Claridad en la Que Puede Confiar&#8221; image=&#8221;https:\/\/www.barklawfirm.com\/wp-content\/uploads\/2025\/09\/chat-1.png&#8221; image_icon_width=&#8221;25%&#8221; icon_alignment=&#8221;left&#8221; _builder_version=&#8221;4.27.4&#8243; _module_preset=&#8221;default&#8221; header_font=&#8221;|700|||||||&#8221; header_font_size=&#8221;20px&#8221; global_colors_info=&#8221;{}&#8221;]<\/p>\n<p>Sin sorpresas. Solo pasos claros en los que puede confiar.<\/p>\n<p class=\"not-prose mt-0! mb-0! flex-auto truncate\">[\/et_pb_blurb][\/et_pb_column][et_pb_column type=&#8221;1_4&#8243; _builder_version=&#8221;4.27.4&#8243; _module_preset=&#8221;default&#8221; global_colors_info=&#8221;{}&#8221;][et_pb_blurb title=&#8221;Progreso Desde el Primer D\u00eda&#8221; image=&#8221;https:\/\/www.barklawfirm.com\/wp-content\/uploads\/2025\/09\/progress.png&#8221; image_icon_width=&#8221;25%&#8221; icon_alignment=&#8221;left&#8221; _builder_version=&#8221;4.27.4&#8243; _module_preset=&#8221;default&#8221; header_font=&#8221;|700|||||||&#8221; header_font_size=&#8221;20px&#8221; global_colors_info=&#8221;{}&#8221;]<\/p>\n<p>Avanzamos con su caso mientras usted se recupera.<\/p>\n<p class=\"not-prose mt-0! mb-0! flex-auto truncate\">[\/et_pb_blurb][\/et_pb_column][et_pb_column type=&#8221;1_4&#8243; _builder_version=&#8221;4.27.4&#8243; _module_preset=&#8221;default&#8221; global_colors_info=&#8221;{}&#8221;][et_pb_blurb title=&#8221;Justicia Entregada&#8221; image=&#8221;https:\/\/www.barklawfirm.com\/wp-content\/uploads\/2025\/09\/gavel.png&#8221; image_icon_width=&#8221;25%&#8221; icon_alignment=&#8221;left&#8221; _builder_version=&#8221;4.27.4&#8243; _module_preset=&#8221;default&#8221; header_font=&#8221;|700|||||||&#8221; header_font_size=&#8221;20px&#8221; global_colors_info=&#8221;{}&#8221;]<\/p>\n<p>Defendemos la dignidad y exigimos resultados.<\/p>\n<p>[\/et_pb_blurb][\/et_pb_column][\/et_pb_row][\/et_pb_section][et_pb_section fb_built=&#8221;1&#8243; _builder_version=&#8221;4.27.4&#8243; _module_preset=&#8221;default&#8221; background_color=&#8221;#0F1A2B&#8221; background_image=&#8221;https:\/\/www.barklawfirm.com\/wp-content\/uploads\/2025\/09\/people.jpg&#8221; parallax=&#8221;on&#8221; global_module=&#8221;137&#8243; saved_tabs=&#8221;all&#8221; global_colors_info=&#8221;{}&#8221;][et_pb_row column_structure=&#8221;1_5,3_5,1_5&#8243; _builder_version=&#8221;4.27.4&#8243; _module_preset=&#8221;default&#8221; global_colors_info=&#8221;{}&#8221;][et_pb_column type=&#8221;1_5&#8243; _builder_version=&#8221;4.27.4&#8243; _module_preset=&#8221;default&#8221; global_colors_info=&#8221;{}&#8221;][\/et_pb_column][et_pb_column type=&#8221;3_5&#8243; _builder_version=&#8221;4.27.4&#8243; _module_preset=&#8221;default&#8221; global_colors_info=&#8221;{}&#8221;][et_pb_slider _builder_version=&#8221;4.27.4&#8243; _module_preset=&#8221;default&#8221; background_color=&#8221;RGBA(255,255,255,0)&#8221; auto=&#8221;on&#8221; global_colors_info=&#8221;{}&#8221;][et_pb_slide _builder_version=&#8221;4.27.4&#8243; _module_preset=&#8221;default&#8221; header_level=&#8221;h6&#8243; header_font_size=&#8221;23px&#8221; body_font_size=&#8221;21px&#8221; header_font_size_tablet=&#8221;18px&#8221; header_font_size_phone=&#8221;18px&#8221; header_font_size_last_edited=&#8221;on|desktop&#8221; global_colors_info=&#8221;{}&#8221; sticky_transition=&#8221;on&#8221;]<\/p>\n<p><strong><span style=\"color: #2055ff;\">&#8220;<\/span><\/strong>De principio a fin, demostraron profesionalismo excepcional y comunicaci\u00f3n clara. Cada paso fue manejado con cuidado, precisi\u00f3n y eficiencia. <strong><span style=\"color: #2055ff;\">&#8220;<\/span><\/strong><\/p>\n<p><span><\/span><\/p>\n<h6>&#8211; Elvin, Los \u00c1ngeles<\/h6>\n<p>[\/et_pb_slide][et_pb_slide _builder_version=&#8221;4.27.4&#8243; _module_preset=&#8221;default&#8221; header_level=&#8221;h6&#8243; header_font_size=&#8221;23px&#8221; body_font_size=&#8221;21px&#8221; header_font_size_tablet=&#8221;18px&#8221; header_font_size_phone=&#8221;18px&#8221; header_font_size_last_edited=&#8221;on|desktop&#8221; global_colors_info=&#8221;{}&#8221; sticky_transition=&#8221;on&#8221;]<\/p>\n<p><span><strong><span style=\"color: #2055ff;\">&#8220;<\/span><\/strong>El bufete Barkhordarian es un equipo excelente, estoy muy satisfecho con la forma en que manejaron mi accidente. \u00a1Gracias a todo el equipo! <strong><span style=\"color: #2055ff;\">&#8220;<\/span><\/strong><\/span><\/p>\n<p><span><\/span><\/p>\n<h6>&#8211; Alex, Los \u00c1ngeles<\/h6>\n<p>[\/et_pb_slide][et_pb_slide _builder_version=&#8221;4.27.4&#8243; _module_preset=&#8221;default&#8221; header_level=&#8221;h6&#8243; header_font_size=&#8221;23px&#8221; body_font_size=&#8221;21px&#8221; header_font_size_tablet=&#8221;18px&#8221; header_font_size_phone=&#8221;18px&#8221; header_font_size_last_edited=&#8221;on|desktop&#8221; global_colors_info=&#8221;{}&#8221; sticky_transition=&#8221;on&#8221;]<\/p>\n<p><span><strong><span style=\"color: #2055ff;\">&#8220;<\/span><\/strong>Me gustar\u00eda destacar el profesionalismo, humanidad, responsabilidad y el poderoso equipo que tiene este bufete.<strong><span style=\"color: #2055ff;\">&#8220;<\/span><\/strong><\/span><\/p>\n<p><span><\/span><\/p>\n<h6>&#8211; Sandra, Los \u00c1ngeles<\/h6>\n<p>[\/et_pb_slide][et_pb_slide _builder_version=&#8221;4.27.4&#8243; _module_preset=&#8221;default&#8221; header_level=&#8221;h6&#8243; header_font_size=&#8221;23px&#8221; body_font_size=&#8221;21px&#8221; header_font_size_tablet=&#8221;18px&#8221; header_font_size_phone=&#8221;18px&#8221; header_font_size_last_edited=&#8221;on|desktop&#8221; global_colors_info=&#8221;{}&#8221; sticky_transition=&#8221;on&#8221;]<\/p>\n<p><span><strong><span style=\"color: #2055ff;\">&#8220;<\/span><\/strong>Barkhordarian Law Firm hizo que mi experiencia fuera muy reconfortante. Me sent\u00ed muy apoyado y fui informado durante todo el caso. \u00a1Definitivamente lo recomendar\u00eda a cualquiera! <strong><span style=\"color: #2055ff;\">&#8220;<\/span><\/strong><\/span><\/p>\n<p><span><\/span><\/p>\n<h6>&#8211; Joe, Los \u00c1ngeles<\/h6>\n<p>[\/et_pb_slide][\/et_pb_slider][\/et_pb_column][et_pb_column type=&#8221;1_5&#8243; _builder_version=&#8221;4.27.4&#8243; _module_preset=&#8221;default&#8221; global_colors_info=&#8221;{}&#8221;][\/et_pb_column][\/et_pb_row][et_pb_row _builder_version=&#8221;4.27.4&#8243; _module_preset=&#8221;default&#8221; global_colors_info=&#8221;{}&#8221;][et_pb_column type=&#8221;4_4&#8243; _builder_version=&#8221;4.27.4&#8243; _module_preset=&#8221;default&#8221; global_colors_info=&#8221;{}&#8221;][et_pb_text _builder_version=&#8221;4.27.4&#8243; _module_preset=&#8221;default&#8221; text_text_color=&#8221;#FFFFFF&#8221; global_colors_info=&#8221;{}&#8221;]<\/p>\n<p style=\"text-align: center;\">Cada caso es \u00fanico. Los resultados no pueden garantizarse.<\/p>\n<p>[\/et_pb_text][\/et_pb_column][\/et_pb_row][\/et_pb_section][et_pb_section fb_built=&#8221;1&#8243; _builder_version=&#8221;4.27.4&#8243; _module_preset=&#8221;default&#8221; background_color=&#8221;#F7F7F5&#8243; global_module=&#8221;139&#8243; saved_tabs=&#8221;all&#8221; global_colors_info=&#8221;{}&#8221;][et_pb_row column_structure=&#8221;1_4,1_2,1_4&#8243; _builder_version=&#8221;4.27.4&#8243; _module_preset=&#8221;default&#8221; global_colors_info=&#8221;{}&#8221;][et_pb_column type=&#8221;1_4&#8243; _builder_version=&#8221;4.27.4&#8243; _module_preset=&#8221;default&#8221; global_colors_info=&#8221;{}&#8221;][\/et_pb_column][et_pb_column type=&#8221;1_2&#8243; _builder_version=&#8221;4.27.4&#8243; _module_preset=&#8221;default&#8221; global_colors_info=&#8221;{}&#8221;][et_pb_text _builder_version=&#8221;4.27.4&#8243; _module_preset=&#8221;default&#8221; text_font_size=&#8221;20px&#8221; header_text_align=&#8221;center&#8221; text_orientation=&#8221;center&#8221; width=&#8221;100%&#8221; header_2_font_size_tablet=&#8221;&#8221; header_2_font_size_phone=&#8221;35px&#8221; header_2_font_size_last_edited=&#8221;on|phone&#8221; global_colors_info=&#8221;{}&#8221;]<\/p>\n<h2>\u00bfListo para recuperar<br \/><strong>su poder?<\/strong><\/h2>\n<p>Env\u00edenos un mensaje o ll\u00e1menos para comenzar en minutos.<br \/>Sus derechos son nuestra causa, y su estabilidad es nuestra misi\u00f3n.<\/p>\n<p>Llame o env\u00ede un mensaje 24\/7: <a href=\"tel:888-514-5112\"><span data-contrast=\"auto\" xml:lang=\"EN-US\" lang=\"EN-US\" class=\"TextRun SCXW89476592 BCX0\"><span class=\"NormalTextRun SCXW89476592 BCX0\" data-ccp-parastyle=\"No Spacing\">888-514-5112<\/span><\/span><\/a><\/p>\n<p>[\/et_pb_text][et_pb_button button_url=&#8221;https:\/\/www.barklawfirm.com\/es\/contactenos\/&#8221; button_text=&#8221;\u00bfTengo un Caso?&#8221; button_alignment=&#8221;center&#8221; _builder_version=&#8221;4.27.4&#8243; _module_preset=&#8221;default&#8221; custom_button=&#8221;on&#8221; button_text_color=&#8221;#FFFFFF&#8221; button_bg_color=&#8221;#2055FF&#8221; button_border_width=&#8221;0px&#8221; button_border_radius=&#8221;0px&#8221; button_font=&#8221;&#8211;et_global_heading_font|700|||||||&#8221; button_icon=&#8221;&#x24;||divi||400&#8243; custom_margin=&#8221;39px||||false|false&#8221; custom_padding=&#8221;12px||12px||true|false&#8221; global_colors_info=&#8221;{}&#8221;][\/et_pb_button][\/et_pb_column][et_pb_column type=&#8221;1_4&#8243; _builder_version=&#8221;4.27.4&#8243; _module_preset=&#8221;default&#8221; global_colors_info=&#8221;{}&#8221;][\/et_pb_column][\/et_pb_row][\/et_pb_section]<\/p>\n","protected":false},"excerpt":{"rendered":"<p>Llame o Env\u00ede un Mensaje 24\/7: 888-514-5112Richard Barkhordarian, Esq. Director El Abogado Richard Barkhordarian ejerce la abogac\u00eda desde 2004. Graduado de la Facultad de Derecho de la Universidad de Pepperdine, comenz\u00f3 su carrera como litigante empresarial. Con el tiempo, sin embargo, Richard descubri\u00f3 que este camino carec\u00eda de la realizaci\u00f3n personal que buscaba. Deseando generar un impacto m\u00e1s significativo, eligi\u00f3 dedicar el resto de su carrera legal a ayudar a quienes cre\u00eda que m\u00e1s lo necesitaban: personas de las que con demasiada frecuencia se aprovechaban. El 1 de abril de 2012, fund\u00f3 Barkhordarian Law Firm, PC, enfoc\u00e1ndose en representar a trabajadores lesionados en reclamos contra sus empleadores. A medida que su pr\u00e1ctica crec\u00eda, Richard comenz\u00f3 a observar un patr\u00f3n preocupante. Los empleadores no solo trataban a los trabajadores como desechables, sino que en muchos casos tambi\u00e9n ignoraban las leyes laborales, creando dificultades a\u00fan mayores para los empleados. En respuesta, y como parte de su compromiso continuo de defender a los trabajadores, Richard estableci\u00f3 una Secci\u00f3n de Derecho Laboral en Barkhordarian Law Firm el 1 de enero de 2019. Esta expansi\u00f3n permite al bufete manejar completamente las disputas laborales de los clientes de manera interna, mientras contin\u00faa responsabilizando a los empleadores [&hellip;]<\/p>\n","protected":false},"author":5,"featured_media":0,"parent":0,"menu_order":0,"comment_status":"closed","ping_status":"closed","template":"","meta":{"_et_pb_use_builder":"on","_et_pb_old_content":"","_et_gb_content_width":"","footnotes":""},"class_list":["post-660","page","type-page","status-publish","hentry"],"yoast_head":"<!-- This site is optimized with the Yoast SEO plugin v27.3 - https:\/\/yoast.com\/product\/yoast-seo-wordpress\/ -->\n<title>Richard Barkhordarian, Esq. | Bark Law Firm<\/title>\n<meta name=\"description\" content=\"Richard Barkhordarian, Esq. trabaja en derecho de lesiones personales y compensaci\u00f3n laboral. Se gradu\u00f3 de la Facultad de Derecho de Pepperdine University, School of Law.\" \/>\n<meta name=\"robots\" content=\"index, follow, max-snippet:-1, max-image-preview:large, max-video-preview:-1\" \/>\n<link rel=\"canonical\" href=\"https:\/\/www.barklawfirm.com\/es\/richard-barkhordarian-esq\/\" \/>\n<meta property=\"og:locale\" content=\"es_ES\" \/>\n<meta property=\"og:type\" content=\"article\" \/>\n<meta property=\"og:title\" content=\"Richard Barkhordarian, Esq. | Bark Law Firm\" \/>\n<meta property=\"og:description\" content=\"Richard Barkhordarian, Esq. trabaja en derecho de lesiones personales y compensaci\u00f3n laboral. Se gradu\u00f3 de la Facultad de Derecho de Pepperdine University, School of Law.\" \/>\n<meta property=\"og:url\" content=\"https:\/\/www.barklawfirm.com\/es\/richard-barkhordarian-esq\/\" \/>\n<meta property=\"og:site_name\" content=\"Bark Law Firm\" \/>\n<meta property=\"article:publisher\" content=\"https:\/\/www.facebook.com\/workinjurytidbits\/\" \/>\n<meta property=\"article:modified_time\" content=\"2026-03-11T17:58:38+00:00\" \/>\n<meta name=\"twitter:card\" content=\"summary_large_image\" \/>\n<meta name=\"twitter:label1\" content=\"Tiempo de lectura\" \/>\n\t<meta name=\"twitter:data1\" content=\"7 minutes\" \/>\n<script type=\"application\/ld+json\" class=\"yoast-schema-graph\">{\"@context\":\"https:\\\/\\\/schema.org\",\"@graph\":[{\"@type\":\"WebPage\",\"@id\":\"https:\\\/\\\/www.barklawfirm.com\\\/es\\\/richard-barkhordarian-esq\\\/\",\"url\":\"https:\\\/\\\/www.barklawfirm.com\\\/es\\\/richard-barkhordarian-esq\\\/\",\"name\":\"Richard Barkhordarian, Esq. | Bark Law Firm\",\"isPartOf\":{\"@id\":\"https:\\\/\\\/www.barklawfirm.com\\\/#website\"},\"datePublished\":\"2025-12-19T16:40:54+00:00\",\"dateModified\":\"2026-03-11T17:58:38+00:00\",\"description\":\"Richard Barkhordarian, Esq. trabaja en derecho de lesiones personales y compensaci\u00f3n laboral. Se gradu\u00f3 de la Facultad de Derecho de Pepperdine University, School of Law.\",\"breadcrumb\":{\"@id\":\"https:\\\/\\\/www.barklawfirm.com\\\/es\\\/richard-barkhordarian-esq\\\/#breadcrumb\"},\"inLanguage\":\"es-ES\",\"potentialAction\":[{\"@type\":\"ReadAction\",\"target\":[\"https:\\\/\\\/www.barklawfirm.com\\\/es\\\/richard-barkhordarian-esq\\\/\"]}]},{\"@type\":\"BreadcrumbList\",\"@id\":\"https:\\\/\\\/www.barklawfirm.com\\\/es\\\/richard-barkhordarian-esq\\\/#breadcrumb\",\"itemListElement\":[{\"@type\":\"ListItem\",\"position\":1,\"name\":\"Home\",\"item\":\"https:\\\/\\\/www.barklawfirm.com\\\/es\\\/\"},{\"@type\":\"ListItem\",\"position\":2,\"name\":\"Richard Barkhordarian, Esq.\"}]},{\"@type\":\"WebSite\",\"@id\":\"https:\\\/\\\/www.barklawfirm.com\\\/#website\",\"url\":\"https:\\\/\\\/www.barklawfirm.com\\\/\",\"name\":\"Bark Law Firm\",\"description\":\"\",\"publisher\":{\"@id\":\"https:\\\/\\\/www.barklawfirm.com\\\/#organization\"},\"alternateName\":\"Barkhordarian Law\",\"potentialAction\":[{\"@type\":\"SearchAction\",\"target\":{\"@type\":\"EntryPoint\",\"urlTemplate\":\"https:\\\/\\\/www.barklawfirm.com\\\/?s={search_term_string}\"},\"query-input\":{\"@type\":\"PropertyValueSpecification\",\"valueRequired\":true,\"valueName\":\"search_term_string\"}}],\"inLanguage\":\"es-ES\"},{\"@type\":\"Organization\",\"@id\":\"https:\\\/\\\/www.barklawfirm.com\\\/#organization\",\"name\":\"Bark Law Firm\",\"alternateName\":\"Barkhordarian Law\",\"url\":\"https:\\\/\\\/www.barklawfirm.com\\\/\",\"logo\":{\"@type\":\"ImageObject\",\"inLanguage\":\"es-ES\",\"@id\":\"https:\\\/\\\/www.barklawfirm.com\\\/#\\\/schema\\\/logo\\\/image\\\/\",\"url\":\"https:\\\/\\\/www.barklawfirm.com\\\/wp-content\\\/uploads\\\/2025\\\/12\\\/294453382_1401149460363256_4317620745549306834_n.png\",\"contentUrl\":\"https:\\\/\\\/www.barklawfirm.com\\\/wp-content\\\/uploads\\\/2025\\\/12\\\/294453382_1401149460363256_4317620745549306834_n.png\",\"width\":1200,\"height\":628,\"caption\":\"Bark Law Firm\"},\"image\":{\"@id\":\"https:\\\/\\\/www.barklawfirm.com\\\/#\\\/schema\\\/logo\\\/image\\\/\"},\"sameAs\":[\"https:\\\/\\\/www.facebook.com\\\/workinjurytidbits\\\/\",\"https:\\\/\\\/www.linkedin.com\\\/in\\\/richard-barkhordarian-3a5132186\\\/\"]}]}<\/script>\n<!-- \/ Yoast SEO plugin. -->","yoast_head_json":{"title":"Richard Barkhordarian, Esq. | Bark Law Firm","description":"Richard Barkhordarian, Esq. trabaja en derecho de lesiones personales y compensaci\u00f3n laboral. Se gradu\u00f3 de la Facultad de Derecho de Pepperdine University, School of Law.","robots":{"index":"index","follow":"follow","max-snippet":"max-snippet:-1","max-image-preview":"max-image-preview:large","max-video-preview":"max-video-preview:-1"},"canonical":"https:\/\/www.barklawfirm.com\/es\/richard-barkhordarian-esq\/","og_locale":"es_ES","og_type":"article","og_title":"Richard Barkhordarian, Esq. | Bark Law Firm","og_description":"Richard Barkhordarian, Esq. trabaja en derecho de lesiones personales y compensaci\u00f3n laboral. Se gradu\u00f3 de la Facultad de Derecho de Pepperdine University, School of Law.","og_url":"https:\/\/www.barklawfirm.com\/es\/richard-barkhordarian-esq\/","og_site_name":"Bark Law Firm","article_publisher":"https:\/\/www.facebook.com\/workinjurytidbits\/","article_modified_time":"2026-03-11T17:58:38+00:00","twitter_card":"summary_large_image","twitter_misc":{"Tiempo de lectura":"7 minutes"},"schema":{"@context":"https:\/\/schema.org","@graph":[{"@type":"WebPage","@id":"https:\/\/www.barklawfirm.com\/es\/richard-barkhordarian-esq\/","url":"https:\/\/www.barklawfirm.com\/es\/richard-barkhordarian-esq\/","name":"Richard Barkhordarian, Esq. | Bark Law Firm","isPartOf":{"@id":"https:\/\/www.barklawfirm.com\/#website"},"datePublished":"2025-12-19T16:40:54+00:00","dateModified":"2026-03-11T17:58:38+00:00","description":"Richard Barkhordarian, Esq. trabaja en derecho de lesiones personales y compensaci\u00f3n laboral. Se gradu\u00f3 de la Facultad de Derecho de Pepperdine University, School of Law.","breadcrumb":{"@id":"https:\/\/www.barklawfirm.com\/es\/richard-barkhordarian-esq\/#breadcrumb"},"inLanguage":"es-ES","potentialAction":[{"@type":"ReadAction","target":["https:\/\/www.barklawfirm.com\/es\/richard-barkhordarian-esq\/"]}]},{"@type":"BreadcrumbList","@id":"https:\/\/www.barklawfirm.com\/es\/richard-barkhordarian-esq\/#breadcrumb","itemListElement":[{"@type":"ListItem","position":1,"name":"Home","item":"https:\/\/www.barklawfirm.com\/es\/"},{"@type":"ListItem","position":2,"name":"Richard Barkhordarian, Esq."}]},{"@type":"WebSite","@id":"https:\/\/www.barklawfirm.com\/#website","url":"https:\/\/www.barklawfirm.com\/","name":"Bark Law Firm","description":"","publisher":{"@id":"https:\/\/www.barklawfirm.com\/#organization"},"alternateName":"Barkhordarian Law","potentialAction":[{"@type":"SearchAction","target":{"@type":"EntryPoint","urlTemplate":"https:\/\/www.barklawfirm.com\/?s={search_term_string}"},"query-input":{"@type":"PropertyValueSpecification","valueRequired":true,"valueName":"search_term_string"}}],"inLanguage":"es-ES"},{"@type":"Organization","@id":"https:\/\/www.barklawfirm.com\/#organization","name":"Bark Law Firm","alternateName":"Barkhordarian Law","url":"https:\/\/www.barklawfirm.com\/","logo":{"@type":"ImageObject","inLanguage":"es-ES","@id":"https:\/\/www.barklawfirm.com\/#\/schema\/logo\/image\/","url":"https:\/\/www.barklawfirm.com\/wp-content\/uploads\/2025\/12\/294453382_1401149460363256_4317620745549306834_n.png","contentUrl":"https:\/\/www.barklawfirm.com\/wp-content\/uploads\/2025\/12\/294453382_1401149460363256_4317620745549306834_n.png","width":1200,"height":628,"caption":"Bark Law Firm"},"image":{"@id":"https:\/\/www.barklawfirm.com\/#\/schema\/logo\/image\/"},"sameAs":["https:\/\/www.facebook.com\/workinjurytidbits\/","https:\/\/www.linkedin.com\/in\/richard-barkhordarian-3a5132186\/"]}]}},"_links":{"self":[{"href":"https:\/\/www.barklawfirm.com\/es\/wp-json\/wp\/v2\/pages\/660","targetHints":{"allow":["GET"]}}],"collection":[{"href":"https:\/\/www.barklawfirm.com\/es\/wp-json\/wp\/v2\/pages"}],"about":[{"href":"https:\/\/www.barklawfirm.com\/es\/wp-json\/wp\/v2\/types\/page"}],"author":[{"embeddable":true,"href":"https:\/\/www.barklawfirm.com\/es\/wp-json\/wp\/v2\/users\/5"}],"replies":[{"embeddable":true,"href":"https:\/\/www.barklawfirm.com\/es\/wp-json\/wp\/v2\/comments?post=660"}],"version-history":[{"count":0,"href":"https:\/\/www.barklawfirm.com\/es\/wp-json\/wp\/v2\/pages\/660\/revisions"}],"wp:attachment":[{"href":"https:\/\/www.barklawfirm.com\/es\/wp-json\/wp\/v2\/media?parent=660"}],"curies":[{"name":"wp","href":"https:\/\/api.w.org\/{rel}","templated":true}]}}