{"id":657,"date":"2025-12-18T20:38:52","date_gmt":"2025-12-18T20:38:52","guid":{"rendered":"https:\/\/www.barklawfirm.com\/blog\/"},"modified":"2026-02-20T15:36:06","modified_gmt":"2026-02-20T15:36:06","slug":"blog","status":"publish","type":"page","link":"https:\/\/www.barklawfirm.com\/es\/blog\/","title":{"rendered":"Blog"},"content":{"rendered":"\n[et_pb_section fb_built=&#8221;1&#8243; disabled_on=&#8221;off|on|on&#8221; _builder_version=&#8221;4.27.4&#8243; _module_preset=&#8221;default&#8221; background_color=&#8221;#0F1A2B&#8221; z_index=&#8221;100&#8243; custom_margin=&#8221;0px||0px||false|false&#8221; custom_padding=&#8221;20px||20px||false|false&#8221; sticky_position=&#8221;top&#8221; sticky_offset_top=&#8221;77px&#8221; locked=&#8221;off&#8221; global_colors_info=&#8221;{}&#8221;][et_pb_row _builder_version=&#8221;4.27.4&#8243; _module_preset=&#8221;default&#8221; width=&#8221;100%&#8221; max_width=&#8221;2560px&#8221; module_alignment=&#8221;center&#8221; custom_margin=&#8221;0px||0px||false|false&#8221; custom_padding=&#8221;0px||0px||false|false&#8221; global_colors_info=&#8221;{}&#8221;][et_pb_column type=&#8221;4_4&#8243; _builder_version=&#8221;4.27.4&#8243; _module_preset=&#8221;default&#8221; global_colors_info=&#8221;{}&#8221;][et_pb_text _builder_version=&#8221;4.27.4&#8243; _module_preset=&#8221;default&#8221; custom_margin=&#8221;0px||0px||false|false&#8221; custom_padding=&#8221;0px||0px||false|false&#8221; global_colors_info=&#8221;{}&#8221;]<p style=\"text-align: center;\"><span style=\"color: #ffffff;\"><a href=\"tel:888-514-5112\" style=\"color: #ffffff;\">Llame o Env\u00ede un Mensaje 24\/7: <b>888-514-5112<\/b><\/a><\/span><\/p>[\/et_pb_text][\/et_pb_column][\/et_pb_row][\/et_pb_section][et_pb_section fb_built=&#8221;1&#8243; _builder_version=&#8221;4.27.4&#8243; _module_preset=&#8221;default&#8221; background_image=&#8221;https:\/\/www.barklawfirm.com\/wp-content\/uploads\/2025\/09\/color-bg.jpg&#8221; locked=&#8221;off&#8221; global_colors_info=&#8221;{}&#8221;][et_pb_row column_structure=&#8221;1_2,1_2&#8243; make_equal=&#8221;on&#8221; _builder_version=&#8221;4.27.4&#8243; _module_preset=&#8221;default&#8221; global_colors_info=&#8221;{}&#8221;][et_pb_column type=&#8221;1_2&#8243; _builder_version=&#8221;4.27.4&#8243; _module_preset=&#8221;default&#8221; custom_css_main_element=&#8221;margin: auto;&#8221; global_colors_info=&#8221;{}&#8221;][et_pb_text _builder_version=&#8221;4.27.4&#8243; _module_preset=&#8221;default&#8221; header_font_size=&#8221;54px&#8221; width=&#8221;75%&#8221; width_tablet=&#8221;100%&#8221; width_phone=&#8221;100%&#8221; width_last_edited=&#8221;on|phone&#8221; header_font_size_tablet=&#8221;46px&#8221; header_font_size_phone=&#8221;31px&#8221; header_font_size_last_edited=&#8221;on|phone&#8221; global_colors_info=&#8221;{}&#8221;]<h1>Orientaci\u00f3n sobre Lesiones Personales y Compensaci\u00f3n al Trabajador en California<\/h1>\n<p>Perspectivas creadas para personas reales, no para abogados. Explicaciones claras, listas de verificaci\u00f3n pr\u00e1cticas y una perspectiva honesta del equipo de Bark Law. Ya sea que est\u00e9 lidiando con una lesi\u00f3n ahora o simplemente quiera estar preparado, encontrar\u00e1 informaci\u00f3n directa, sin discursos de venta, para que pueda tomar decisiones inteligentes y seguir adelante.<\/p>[\/et_pb_text][\/et_pb_column][et_pb_column type=&#8221;1_2&#8243; _builder_version=&#8221;4.27.4&#8243; _module_preset=&#8221;default&#8221; global_colors_info=&#8221;{}&#8221;][et_pb_image src=&#8221;https:\/\/www.barklawfirm.com\/wp-content\/uploads\/2025\/12\/richard-web2.jpg&#8221; title_text=&#8221;richard-web2&#8243; _builder_version=&#8221;4.27.4&#8243; _module_preset=&#8221;default&#8221; custom_margin=&#8221;0px||||false|false&#8221; custom_margin_tablet=&#8221;40px||||false|false&#8221; custom_margin_phone=&#8221;40px||||false|false&#8221; custom_margin_last_edited=&#8221;on|phone&#8221; box_shadow_style=&#8221;preset3&#8243; global_colors_info=&#8221;{}&#8221;][\/et_pb_image][\/et_pb_column][\/et_pb_row][\/et_pb_section][et_pb_section fb_built=&#8221;1&#8243; _builder_version=&#8221;4.27.4&#8243; _module_preset=&#8221;default&#8221; background_color=&#8221;#F7F7F5&#8243; global_colors_info=&#8221;{}&#8221;][et_pb_row _builder_version=&#8221;4.27.4&#8243; _module_preset=&#8221;default&#8221; global_colors_info=&#8221;{}&#8221;][et_pb_column type=&#8221;4_4&#8243; _builder_version=&#8221;4.27.4&#8243; _module_preset=&#8221;default&#8221; global_colors_info=&#8221;{}&#8221;][et_pb_blog fullwidth=&#8221;off&#8221; posts_number=&#8221;20&#8243; include_categories=&#8221;all&#8221; show_more=&#8221;on&#8221; _builder_version=&#8221;4.27.4&#8243; _module_preset=&#8221;default&#8221; header_level=&#8221;h6&#8243; global_colors_info=&#8221;{}&#8221;][\/et_pb_blog][\/et_pb_column][\/et_pb_row][\/et_pb_section][et_pb_section fb_built=&#8221;1&#8243; _builder_version=&#8221;4.27.4&#8243; _module_preset=&#8221;default&#8221; background_color=&#8221;#F7F7F5&#8243; global_module=&#8221;139&#8243; saved_tabs=&#8221;all&#8221; global_colors_info=&#8221;{}&#8221;][et_pb_row column_structure=&#8221;1_4,1_2,1_4&#8243; _builder_version=&#8221;4.27.4&#8243; _module_preset=&#8221;default&#8221; global_colors_info=&#8221;{}&#8221;][et_pb_column type=&#8221;1_4&#8243; _builder_version=&#8221;4.27.4&#8243; _module_preset=&#8221;default&#8221; global_colors_info=&#8221;{}&#8221;][\/et_pb_column][et_pb_column type=&#8221;1_2&#8243; _builder_version=&#8221;4.27.4&#8243; _module_preset=&#8221;default&#8221; global_colors_info=&#8221;{}&#8221;][et_pb_text _builder_version=&#8221;4.27.4&#8243; _module_preset=&#8221;default&#8221; text_font_size=&#8221;20px&#8221; header_text_align=&#8221;center&#8221; text_orientation=&#8221;center&#8221; width=&#8221;100%&#8221; header_2_font_size_tablet=&#8221;&#8221; header_2_font_size_phone=&#8221;35px&#8221; header_2_font_size_last_edited=&#8221;on|phone&#8221; global_colors_info=&#8221;{}&#8221;]<h2>\u00bfListo para recuperar<br><strong>su poder?<\/strong><\/h2>\n<p>Env\u00edenos un mensaje o ll\u00e1menos para comenzar en minutos.<br>Sus derechos son nuestra causa, y su estabilidad es nuestra misi\u00f3n.<\/p>\n<p>Llame o env\u00ede un mensaje 24\/7: <a href=\"tel:888-514-5112\"><span data-contrast=\"auto\" xml:lang=\"EN-US\" lang=\"EN-US\" class=\"TextRun SCXW89476592 BCX0\"><span class=\"NormalTextRun SCXW89476592 BCX0\" data-ccp-parastyle=\"No Spacing\">888-514-5112<\/span><\/span><\/a><\/p>[\/et_pb_text][et_pb_button button_url=&#8221;https:\/\/www.barklawfirm.com\/contact\/&#8221; button_text=&#8221;\u00bfTengo un Caso?&#8221; button_alignment=&#8221;center&#8221; _builder_version=&#8221;4.27.4&#8243; _module_preset=&#8221;default&#8221; custom_button=&#8221;on&#8221; button_text_color=&#8221;#FFFFFF&#8221; button_bg_color=&#8221;#2055FF&#8221; button_border_width=&#8221;0px&#8221; button_border_radius=&#8221;0px&#8221; button_font=&#8221;&#8211;et_global_heading_font|700|||||||&#8221; button_icon=&#8221;&#x24;||divi||400&#8243; custom_margin=&#8221;39px||||false|false&#8221; custom_padding=&#8221;12px||12px||true|false&#8221; global_colors_info=&#8221;{}&#8221;][\/et_pb_button][\/et_pb_column][et_pb_column type=&#8221;1_4&#8243; _builder_version=&#8221;4.27.4&#8243; _module_preset=&#8221;default&#8221; global_colors_info=&#8221;{}&#8221;][\/et_pb_column][\/et_pb_row][\/et_pb_section]\n","protected":false},"excerpt":{"rendered":"<p>Llame o Env\u00ede un Mensaje 24\/7: 888-514-5112Orientaci\u00f3n sobre Lesiones Personales y Compensaci\u00f3n al Trabajador en California Perspectivas creadas para personas reales, no para abogados. Explicaciones claras, listas de verificaci\u00f3n pr\u00e1cticas y una perspectiva honesta del equipo de Bark Law. Ya sea que est\u00e9 lidiando con una lesi\u00f3n ahora o simplemente quiera estar preparado, encontrar\u00e1 informaci\u00f3n directa, sin discursos de venta, para que pueda tomar decisiones inteligentes y seguir adelante.\u00bfListo para recuperarsu poder? Env\u00edenos un mensaje o ll\u00e1menos para comenzar en minutos.Sus derechos son nuestra causa, y su estabilidad es nuestra misi\u00f3n. Llame o env\u00ede un mensaje 24\/7: 888-514-5112<\/p>\n","protected":false},"author":5,"featured_media":0,"parent":0,"menu_order":0,"comment_status":"closed","ping_status":"closed","template":"","meta":{"_et_pb_use_builder":"on","_et_pb_old_content":"","_et_gb_content_width":"","footnotes":""},"class_list":["post-657","page","type-page","status-publish","hentry"],"yoast_head":"<!-- This site is optimized with the Yoast SEO plugin v27.3 - https:\/\/yoast.com\/product\/yoast-seo-wordpress\/ -->\n<title>Perspectivas sobre Lesiones Personales y Compensaci\u00f3n al Trabajador | The Bark Law Firm<\/title>\n<meta name=\"description\" content=\"En Bark Law Firm, creemos que los empleados informados son empleados empoderados. Nuestro blog ofrece orientaci\u00f3n pr\u00e1ctica sobre las leyes laborales de California, los derechos en el lugar de trabajo y los avances legales que afectan a los trabajadores en todas las industrias.\" \/>\n<meta name=\"robots\" content=\"index, follow, max-snippet:-1, max-image-preview:large, max-video-preview:-1\" \/>\n<link rel=\"canonical\" href=\"https:\/\/www.barklawfirm.com\/es\/blog\/\" \/>\n<meta property=\"og:locale\" content=\"es_ES\" \/>\n<meta property=\"og:type\" content=\"article\" \/>\n<meta property=\"og:title\" content=\"Perspectivas sobre Lesiones Personales y Compensaci\u00f3n al Trabajador | The Bark Law Firm\" \/>\n<meta property=\"og:description\" content=\"En Bark Law Firm, creemos que los empleados informados son empleados empoderados. Nuestro blog ofrece orientaci\u00f3n pr\u00e1ctica sobre las leyes laborales de California, los derechos en el lugar de trabajo y los avances legales que afectan a los trabajadores en todas las industrias.\" \/>\n<meta property=\"og:url\" content=\"https:\/\/www.barklawfirm.com\/es\/blog\/\" \/>\n<meta property=\"og:site_name\" content=\"Bark Law Firm\" \/>\n<meta property=\"article:publisher\" content=\"https:\/\/www.facebook.com\/workinjurytidbits\/\" \/>\n<meta property=\"article:modified_time\" content=\"2026-02-20T15:36:06+00:00\" \/>\n<meta name=\"twitter:card\" content=\"summary_large_image\" \/>\n<meta name=\"twitter:label1\" content=\"Tiempo de lectura\" \/>\n\t<meta name=\"twitter:data1\" content=\"3 minutes\" \/>\n<script type=\"application\/ld+json\" class=\"yoast-schema-graph\">{\"@context\":\"https:\\\/\\\/schema.org\",\"@graph\":[{\"@type\":\"WebPage\",\"@id\":\"https:\\\/\\\/www.barklawfirm.com\\\/es\\\/blog\\\/\",\"url\":\"https:\\\/\\\/www.barklawfirm.com\\\/es\\\/blog\\\/\",\"name\":\"Perspectivas sobre Lesiones Personales y Compensaci\u00f3n al Trabajador | The Bark Law Firm\",\"isPartOf\":{\"@id\":\"https:\\\/\\\/www.barklawfirm.com\\\/#website\"},\"datePublished\":\"2025-12-18T20:38:52+00:00\",\"dateModified\":\"2026-02-20T15:36:06+00:00\",\"description\":\"En Bark Law Firm, creemos que los empleados informados son empleados empoderados. Nuestro blog ofrece orientaci\u00f3n pr\u00e1ctica sobre las leyes laborales de California, los derechos en el lugar de trabajo y los avances legales que afectan a los trabajadores en todas las industrias.\",\"breadcrumb\":{\"@id\":\"https:\\\/\\\/www.barklawfirm.com\\\/es\\\/blog\\\/#breadcrumb\"},\"inLanguage\":\"es-ES\",\"potentialAction\":[{\"@type\":\"ReadAction\",\"target\":[\"https:\\\/\\\/www.barklawfirm.com\\\/es\\\/blog\\\/\"]}]},{\"@type\":\"BreadcrumbList\",\"@id\":\"https:\\\/\\\/www.barklawfirm.com\\\/es\\\/blog\\\/#breadcrumb\",\"itemListElement\":[{\"@type\":\"ListItem\",\"position\":1,\"name\":\"Home\",\"item\":\"https:\\\/\\\/www.barklawfirm.com\\\/es\\\/\"},{\"@type\":\"ListItem\",\"position\":2,\"name\":\"Blog\"}]},{\"@type\":\"WebSite\",\"@id\":\"https:\\\/\\\/www.barklawfirm.com\\\/#website\",\"url\":\"https:\\\/\\\/www.barklawfirm.com\\\/\",\"name\":\"Bark Law Firm\",\"description\":\"\",\"publisher\":{\"@id\":\"https:\\\/\\\/www.barklawfirm.com\\\/#organization\"},\"alternateName\":\"Barkhordarian Law\",\"potentialAction\":[{\"@type\":\"SearchAction\",\"target\":{\"@type\":\"EntryPoint\",\"urlTemplate\":\"https:\\\/\\\/www.barklawfirm.com\\\/?s={search_term_string}\"},\"query-input\":{\"@type\":\"PropertyValueSpecification\",\"valueRequired\":true,\"valueName\":\"search_term_string\"}}],\"inLanguage\":\"es-ES\"},{\"@type\":\"Organization\",\"@id\":\"https:\\\/\\\/www.barklawfirm.com\\\/#organization\",\"name\":\"Bark Law Firm\",\"alternateName\":\"Barkhordarian Law\",\"url\":\"https:\\\/\\\/www.barklawfirm.com\\\/\",\"logo\":{\"@type\":\"ImageObject\",\"inLanguage\":\"es-ES\",\"@id\":\"https:\\\/\\\/www.barklawfirm.com\\\/#\\\/schema\\\/logo\\\/image\\\/\",\"url\":\"https:\\\/\\\/www.barklawfirm.com\\\/wp-content\\\/uploads\\\/2025\\\/12\\\/294453382_1401149460363256_4317620745549306834_n.png\",\"contentUrl\":\"https:\\\/\\\/www.barklawfirm.com\\\/wp-content\\\/uploads\\\/2025\\\/12\\\/294453382_1401149460363256_4317620745549306834_n.png\",\"width\":1200,\"height\":628,\"caption\":\"Bark Law Firm\"},\"image\":{\"@id\":\"https:\\\/\\\/www.barklawfirm.com\\\/#\\\/schema\\\/logo\\\/image\\\/\"},\"sameAs\":[\"https:\\\/\\\/www.facebook.com\\\/workinjurytidbits\\\/\",\"https:\\\/\\\/www.linkedin.com\\\/in\\\/richard-barkhordarian-3a5132186\\\/\"]}]}<\/script>\n<!-- \/ Yoast SEO plugin. -->","yoast_head_json":{"title":"Perspectivas sobre Lesiones Personales y Compensaci\u00f3n al Trabajador | The Bark Law Firm","description":"En Bark Law Firm, creemos que los empleados informados son empleados empoderados. Nuestro blog ofrece orientaci\u00f3n pr\u00e1ctica sobre las leyes laborales de California, los derechos en el lugar de trabajo y los avances legales que afectan a los trabajadores en todas las industrias.","robots":{"index":"index","follow":"follow","max-snippet":"max-snippet:-1","max-image-preview":"max-image-preview:large","max-video-preview":"max-video-preview:-1"},"canonical":"https:\/\/www.barklawfirm.com\/es\/blog\/","og_locale":"es_ES","og_type":"article","og_title":"Perspectivas sobre Lesiones Personales y Compensaci\u00f3n al Trabajador | The Bark Law Firm","og_description":"En Bark Law Firm, creemos que los empleados informados son empleados empoderados. Nuestro blog ofrece orientaci\u00f3n pr\u00e1ctica sobre las leyes laborales de California, los derechos en el lugar de trabajo y los avances legales que afectan a los trabajadores en todas las industrias.","og_url":"https:\/\/www.barklawfirm.com\/es\/blog\/","og_site_name":"Bark Law Firm","article_publisher":"https:\/\/www.facebook.com\/workinjurytidbits\/","article_modified_time":"2026-02-20T15:36:06+00:00","twitter_card":"summary_large_image","twitter_misc":{"Tiempo de lectura":"3 minutes"},"schema":{"@context":"https:\/\/schema.org","@graph":[{"@type":"WebPage","@id":"https:\/\/www.barklawfirm.com\/es\/blog\/","url":"https:\/\/www.barklawfirm.com\/es\/blog\/","name":"Perspectivas sobre Lesiones Personales y Compensaci\u00f3n al Trabajador | The Bark Law Firm","isPartOf":{"@id":"https:\/\/www.barklawfirm.com\/#website"},"datePublished":"2025-12-18T20:38:52+00:00","dateModified":"2026-02-20T15:36:06+00:00","description":"En Bark Law Firm, creemos que los empleados informados son empleados empoderados. Nuestro blog ofrece orientaci\u00f3n pr\u00e1ctica sobre las leyes laborales de California, los derechos en el lugar de trabajo y los avances legales que afectan a los trabajadores en todas las industrias.","breadcrumb":{"@id":"https:\/\/www.barklawfirm.com\/es\/blog\/#breadcrumb"},"inLanguage":"es-ES","potentialAction":[{"@type":"ReadAction","target":["https:\/\/www.barklawfirm.com\/es\/blog\/"]}]},{"@type":"BreadcrumbList","@id":"https:\/\/www.barklawfirm.com\/es\/blog\/#breadcrumb","itemListElement":[{"@type":"ListItem","position":1,"name":"Home","item":"https:\/\/www.barklawfirm.com\/es\/"},{"@type":"ListItem","position":2,"name":"Blog"}]},{"@type":"WebSite","@id":"https:\/\/www.barklawfirm.com\/#website","url":"https:\/\/www.barklawfirm.com\/","name":"Bark Law Firm","description":"","publisher":{"@id":"https:\/\/www.barklawfirm.com\/#organization"},"alternateName":"Barkhordarian Law","potentialAction":[{"@type":"SearchAction","target":{"@type":"EntryPoint","urlTemplate":"https:\/\/www.barklawfirm.com\/?s={search_term_string}"},"query-input":{"@type":"PropertyValueSpecification","valueRequired":true,"valueName":"search_term_string"}}],"inLanguage":"es-ES"},{"@type":"Organization","@id":"https:\/\/www.barklawfirm.com\/#organization","name":"Bark Law Firm","alternateName":"Barkhordarian Law","url":"https:\/\/www.barklawfirm.com\/","logo":{"@type":"ImageObject","inLanguage":"es-ES","@id":"https:\/\/www.barklawfirm.com\/#\/schema\/logo\/image\/","url":"https:\/\/www.barklawfirm.com\/wp-content\/uploads\/2025\/12\/294453382_1401149460363256_4317620745549306834_n.png","contentUrl":"https:\/\/www.barklawfirm.com\/wp-content\/uploads\/2025\/12\/294453382_1401149460363256_4317620745549306834_n.png","width":1200,"height":628,"caption":"Bark Law Firm"},"image":{"@id":"https:\/\/www.barklawfirm.com\/#\/schema\/logo\/image\/"},"sameAs":["https:\/\/www.facebook.com\/workinjurytidbits\/","https:\/\/www.linkedin.com\/in\/richard-barkhordarian-3a5132186\/"]}]}},"_links":{"self":[{"href":"https:\/\/www.barklawfirm.com\/es\/wp-json\/wp\/v2\/pages\/657","targetHints":{"allow":["GET"]}}],"collection":[{"href":"https:\/\/www.barklawfirm.com\/es\/wp-json\/wp\/v2\/pages"}],"about":[{"href":"https:\/\/www.barklawfirm.com\/es\/wp-json\/wp\/v2\/types\/page"}],"author":[{"embeddable":true,"href":"https:\/\/www.barklawfirm.com\/es\/wp-json\/wp\/v2\/users\/5"}],"replies":[{"embeddable":true,"href":"https:\/\/www.barklawfirm.com\/es\/wp-json\/wp\/v2\/comments?post=657"}],"version-history":[{"count":0,"href":"https:\/\/www.barklawfirm.com\/es\/wp-json\/wp\/v2\/pages\/657\/revisions"}],"wp:attachment":[{"href":"https:\/\/www.barklawfirm.com\/es\/wp-json\/wp\/v2\/media?parent=657"}],"curies":[{"name":"wp","href":"https:\/\/api.w.org\/{rel}","templated":true}]}}